{"id":531,"date":"2023-03-07T13:33:20","date_gmt":"2023-03-07T12:33:20","guid":{"rendered":"http:\/\/www.source77.net\/expophoto\/panneau-61-copy\/"},"modified":"2023-09-20T17:25:50","modified_gmt":"2023-09-20T15:25:50","slug":"panneau-62","status":"publish","type":"page","link":"https:\/\/www.source77.net\/expophoto\/panneau-62\/","title":{"rendered":"Panneau-62"},"content":{"rendered":"<div>\n<div style=\"float: left; width: 350px;margin-right: 60px;\">\n<img decoding=\"async\" src=\"https:\/\/www.source77.net\/expophoto\/wp-content\/uploads\/2023\/03\/2022-09.jpg\" alt=\"Panneau_62\" \/>\n<\/div>\n<div style=\"float: left; width: 350px;text-align: justify;\">\n<p>&nbsp;<br \/>\n<strong>\u00ab 1. Toute personne a droit \u00e0 un niveau de vie suffisant pour assurer sa sant\u00e9, son bien-\u00eatre et ceux de sa famille, notamment pour l\u2019alimentation, l\u2019habillement, le logement, les soins m\u00e9dicaux ainsi que pour les services sociaux n\u00e9cessaires ; elle a droit \u00e0 la s\u00e9curit\u00e9 en cas de ch\u00f4mage, de maladie, d\u2019invalidit\u00e9, de veuvage, de vieillesse ou dans les autres cas de perte de ses moyens de subsistance par suite de circonstances ind\u00e9pendantes de sa volont\u00e9.<br \/>\n2. La maternit\u00e9 et l\u2019enfance ont droit \u00e0 une aide et \u00e0 une assistance sp\u00e9ciales. Tous les enfants, qu\u2019ils soient n\u00e9s dans le mariage ou hors mariage, jouissent de la m\u00eame protection sociale.<br \/>\nEn 1982, au moment du lancement de cette revue (en anglais), nous avons adopt\u00e9 l\u2019article 25 de la D\u00e9claration universelle des droits de l\u2019homme, qui r\u00e9sume si bien nos principes. Depuis lors, il figure dans le colophon de chacun de nos num\u00e9ros, car il exprime l\u2019ensemble de nos pr\u00e9ceptes et de nos valeurs. Lorsque l\u2019article 25 de la D\u00e9claration universelle des droits de l\u2019homme sera enfin appliqu\u00e9, quel monde nous cr\u00e9erons !<br \/>\n&nbsp;<br \/>\nArticle 25 de la D\u00e9claration universelle des droits de l\u2019homme, 1948.<br \/>\n&nbsp;<br \/>\nComme l\u2019a \u00e9crit le Ma\u00eetre de Benjamin Creme : \u00ab Mais l\u2019urgence absolue est d\u2019instaurer une communaut\u00e9 d\u2019int\u00e9r\u00eats de plus en plus \u00e9troite entre l\u2019individu et la soci\u00e9t\u00e9. Ce n\u2019est que de cette fa\u00e7on que la libert\u00e9 de celui-ci et la stabilit\u00e9 de celle-l\u00e0 pourront \u00eatre garanties. Comment y parvenir ? Les Nations unies ont adopt\u00e9 un code des droits de l\u2019homme, qui, s\u2019il \u00e9tait appliqu\u00e9, contribuerait dans une large mesure \u00e0 r\u00e9soudre les tensions sociales existantes et pourrait servir de base \u00e0 une soci\u00e9t\u00e9 juste et stable. Mais jusqu\u2019\u00e0 maintenant, cette D\u00e9claration universelle des droits de l\u2019homme est rest\u00e9e \u00e0 l\u2019\u00e9tat de r\u00eave pour des millions de malheureux d\u00e9munis et priv\u00e9s de droits civiques dans tous les pays du monde. Le but doit \u00eatre de faire respecter le plus rapidement possible ces droits fondamentaux dans chaque nation.<br \/>\nAvec l\u2019acceptation du principe de partage, cela devient possible. Les hommes n\u2019auront plus besoin de lutter pour obtenir le droit de travailler, de nourrir leur famille et d\u2019\u00eatre, dans une certaine mesure, ma\u00eetres de leur destin. D\u2019un seul coup, l\u2019acceptation du partage mettra fin aux divisions et aux conflits, et gu\u00e9rira notre soci\u00e9t\u00e9 malade en extirpant les hommes du bourbier o\u00f9 ils se sont enlis\u00e9s. Faites du partage le but de vos efforts. Montrez que le monde a maintenant besoin, plus que jamais au cours de son histoire, de mettre en place ce principe juste et fondamental, dont seule l\u2019acceptation peut permettre \u00e0 l\u2019homme de trouver et de manifester sa nature divine. \u00bb<\/strong><br \/>\n&nbsp;<br \/>\n<em>Les droits de l\u2019homme<\/em>, par le Ma\u00eetre de Benjamin Creme, publi\u00e9 dans Un Ma\u00eetre parle, Ed Partage Publication.<\/p>\n<\/div>\n<div style=\"clear: left;\"><\/div>\n<\/div>\n<p>&nbsp;<\/p>\n","protected":false},"excerpt":{"rendered":"<p>&nbsp; \u00ab 1. Toute personne a droit \u00e0 un niveau de vie suffisant pour assurer sa sant\u00e9, son bien-\u00eatre et ceux de sa famille, notamment pour l\u2019alimentation, l\u2019habillement, le logement, les soins m\u00e9dicaux ainsi que pour les services sociaux n\u00e9cessaires ; elle a droit \u00e0 la s\u00e9curit\u00e9 en cas de ch\u00f4mage, de maladie, d\u2019invalidit\u00e9, de [&hellip;]<\/p>\n","protected":false},"author":1,"featured_media":0,"parent":0,"menu_order":0,"comment_status":"closed","ping_status":"closed","template":"","meta":{"footnotes":""},"_links":{"self":[{"href":"https:\/\/www.source77.net\/expophoto\/wp-json\/wp\/v2\/pages\/531"}],"collection":[{"href":"https:\/\/www.source77.net\/expophoto\/wp-json\/wp\/v2\/pages"}],"about":[{"href":"https:\/\/www.source77.net\/expophoto\/wp-json\/wp\/v2\/types\/page"}],"author":[{"embeddable":true,"href":"https:\/\/www.source77.net\/expophoto\/wp-json\/wp\/v2\/users\/1"}],"replies":[{"embeddable":true,"href":"https:\/\/www.source77.net\/expophoto\/wp-json\/wp\/v2\/comments?post=531"}],"version-history":[{"count":5,"href":"https:\/\/www.source77.net\/expophoto\/wp-json\/wp\/v2\/pages\/531\/revisions"}],"predecessor-version":[{"id":1191,"href":"https:\/\/www.source77.net\/expophoto\/wp-json\/wp\/v2\/pages\/531\/revisions\/1191"}],"wp:attachment":[{"href":"https:\/\/www.source77.net\/expophoto\/wp-json\/wp\/v2\/media?parent=531"}],"curies":[{"name":"wp","href":"https:\/\/api.w.org\/{rel}","templated":true}]}}