{"id":527,"date":"2023-03-07T13:28:10","date_gmt":"2023-03-07T12:28:10","guid":{"rendered":"http:\/\/www.source77.net\/expophoto\/panneau-60-copy\/"},"modified":"2023-09-20T17:24:45","modified_gmt":"2023-09-20T15:24:45","slug":"panneau-61","status":"publish","type":"page","link":"https:\/\/www.source77.net\/expophoto\/panneau-61\/","title":{"rendered":"Panneau-61"},"content":{"rendered":"<div>\n<div style=\"float: left; width: 350px;margin-right: 60px;\">\n<img decoding=\"async\" src=\"https:\/\/www.source77.net\/expophoto\/wp-content\/uploads\/2023\/03\/2022-05.jpg\" alt=\"Panneau_61\" \/>\n<\/div>\n<div style=\"float: left; width: 350px;text-align: justify;\">\n<p>&nbsp;<br \/>\n<strong>\u00ab La tourmente et la menace actuelles ne sont que le pr\u00e9lude \u00e0 une \u00e8re nouvelle de paix et de coop\u00e9ration o\u00f9 l\u2019humanit\u00e9 s\u2019efforcera de r\u00e9parer les erreurs du pass\u00e9, de faire r\u00e9gner la justice parmi les nations, de r\u00e9soudre les anciennes querelles et de faire respecter le droit international. Lorsque les hommes jetteront un regard en arri\u00e8re sur notre \u00e9poque, ils y verront la nuit obscure qui pr\u00e9c\u00e8de l\u2019aube la plus \u00e9clatante et ils seront heureux d\u2019avoir v\u00e9cu ces temps m\u00e9morables. Le monde attend l\u2019Instructeur. L\u2019Instructeur attend l\u2019opportunit\u00e9 d\u2019appara\u00eetre au grand jour, d\u2019enseigner et de servir. \u00bb<\/strong><br \/>\n&nbsp;<br \/>\nExtrait de l\u2019article du Ma\u00eetre de Benjamin Creme intitul\u00e9 <em>L\u2019obscurit\u00e9 pr\u00e9c\u00e9dant l\u2019aurore<\/em>.<\/p>\n<\/div>\n<div style=\"clear: left;\"><\/div>\n<\/div>\n<p>&nbsp;<\/p>\n","protected":false},"excerpt":{"rendered":"<p>&nbsp; \u00ab La tourmente et la menace actuelles ne sont que le pr\u00e9lude \u00e0 une \u00e8re nouvelle de paix et de coop\u00e9ration o\u00f9 l\u2019humanit\u00e9 s\u2019efforcera de r\u00e9parer les erreurs du pass\u00e9, de faire r\u00e9gner la justice parmi les nations, de r\u00e9soudre les anciennes querelles et de faire respecter le droit international. Lorsque les hommes jetteront [&hellip;]<\/p>\n","protected":false},"author":1,"featured_media":0,"parent":0,"menu_order":0,"comment_status":"closed","ping_status":"closed","template":"","meta":{"footnotes":""},"_links":{"self":[{"href":"https:\/\/www.source77.net\/expophoto\/wp-json\/wp\/v2\/pages\/527"}],"collection":[{"href":"https:\/\/www.source77.net\/expophoto\/wp-json\/wp\/v2\/pages"}],"about":[{"href":"https:\/\/www.source77.net\/expophoto\/wp-json\/wp\/v2\/types\/page"}],"author":[{"embeddable":true,"href":"https:\/\/www.source77.net\/expophoto\/wp-json\/wp\/v2\/users\/1"}],"replies":[{"embeddable":true,"href":"https:\/\/www.source77.net\/expophoto\/wp-json\/wp\/v2\/comments?post=527"}],"version-history":[{"count":5,"href":"https:\/\/www.source77.net\/expophoto\/wp-json\/wp\/v2\/pages\/527\/revisions"}],"predecessor-version":[{"id":1190,"href":"https:\/\/www.source77.net\/expophoto\/wp-json\/wp\/v2\/pages\/527\/revisions\/1190"}],"wp:attachment":[{"href":"https:\/\/www.source77.net\/expophoto\/wp-json\/wp\/v2\/media?parent=527"}],"curies":[{"name":"wp","href":"https:\/\/api.w.org\/{rel}","templated":true}]}}