{"id":522,"date":"2023-03-07T12:34:13","date_gmt":"2023-03-07T11:34:13","guid":{"rendered":"http:\/\/www.source77.net\/expophoto\/panneau-59-copy\/"},"modified":"2023-09-20T17:24:13","modified_gmt":"2023-09-20T15:24:13","slug":"panneau-60","status":"publish","type":"page","link":"https:\/\/www.source77.net\/expophoto\/panneau-60\/","title":{"rendered":"Panneau-60"},"content":{"rendered":"<div>\n<div style=\"float: left; width: 350px;margin-right: 60px;\">\n<img decoding=\"async\" src=\"https:\/\/www.source77.net\/expophoto\/wp-content\/uploads\/2023\/03\/2021-11.jpg\" alt=\"Panneau_60\" \/>\n<\/div>\n<div style=\"float: left; width: 350px;text-align: justify;\">\n<p>&nbsp;<br \/>\n<strong>\u00ab Article 19 : Tout individu a droit \u00e0 la libert\u00e9 d\u2019opinion et d\u2019expression, ce qui implique le droit de ne pas \u00eatre inqui\u00e9t\u00e9 pour ses opinions et celui de chercher, de recevoir et de r\u00e9pandre, sans consid\u00e9rations de fronti\u00e8res, les informations et les id\u00e9es par quelque moyen d\u2019expression que ce soit.<br \/>\nArticle 20 :<br \/>\n1. Toute personne a droit \u00e0 la libert\u00e9 de r\u00e9union et d\u2019association pacifiques.<br \/>\n2. Nul ne peut \u00eatre oblig\u00e9 de faire partie d\u2019une association. \u00bb<\/strong><br \/>\n&nbsp;<br \/>\nSource : D\u00e9claration universelle des droits humains, 1948, un.org<\/p>\n<\/div>\n<div style=\"clear: left;\"><\/div>\n<\/div>\n<p>&nbsp;<\/p>\n","protected":false},"excerpt":{"rendered":"<p>&nbsp; \u00ab Article 19 : Tout individu a droit \u00e0 la libert\u00e9 d\u2019opinion et d\u2019expression, ce qui implique le droit de ne pas \u00eatre inqui\u00e9t\u00e9 pour ses opinions et celui de chercher, de recevoir et de r\u00e9pandre, sans consid\u00e9rations de fronti\u00e8res, les informations et les id\u00e9es par quelque moyen d\u2019expression que ce soit. Article 20 [&hellip;]<\/p>\n","protected":false},"author":1,"featured_media":0,"parent":0,"menu_order":0,"comment_status":"closed","ping_status":"closed","template":"","meta":{"footnotes":""},"_links":{"self":[{"href":"https:\/\/www.source77.net\/expophoto\/wp-json\/wp\/v2\/pages\/522"}],"collection":[{"href":"https:\/\/www.source77.net\/expophoto\/wp-json\/wp\/v2\/pages"}],"about":[{"href":"https:\/\/www.source77.net\/expophoto\/wp-json\/wp\/v2\/types\/page"}],"author":[{"embeddable":true,"href":"https:\/\/www.source77.net\/expophoto\/wp-json\/wp\/v2\/users\/1"}],"replies":[{"embeddable":true,"href":"https:\/\/www.source77.net\/expophoto\/wp-json\/wp\/v2\/comments?post=522"}],"version-history":[{"count":4,"href":"https:\/\/www.source77.net\/expophoto\/wp-json\/wp\/v2\/pages\/522\/revisions"}],"predecessor-version":[{"id":1189,"href":"https:\/\/www.source77.net\/expophoto\/wp-json\/wp\/v2\/pages\/522\/revisions\/1189"}],"wp:attachment":[{"href":"https:\/\/www.source77.net\/expophoto\/wp-json\/wp\/v2\/media?parent=522"}],"curies":[{"name":"wp","href":"https:\/\/api.w.org\/{rel}","templated":true}]}}