{"id":518,"date":"2023-03-07T12:28:42","date_gmt":"2023-03-07T11:28:42","guid":{"rendered":"http:\/\/www.source77.net\/expophoto\/panneau-58-copy\/"},"modified":"2023-09-20T17:23:38","modified_gmt":"2023-09-20T15:23:38","slug":"panneau-59","status":"publish","type":"page","link":"https:\/\/www.source77.net\/expophoto\/panneau-59\/","title":{"rendered":"Panneau-59"},"content":{"rendered":"<div>\n<div style=\"float: left; width: 350px;margin-right: 60px;\">\n<img decoding=\"async\" src=\"https:\/\/www.source77.net\/expophoto\/wp-content\/uploads\/2023\/03\/2021-09.jpg\" alt=\"Panneau_20\" \/>\n<\/div>\n<div style=\"float: left; width: 350px;text-align: justify;\">\n<p>&nbsp;<br \/>\n<strong>\u00ab Article 12 : Nul ne sera l\u2019objet d\u2019immixtions arbitraires dans sa vie priv\u00e9e, sa famille, son domicile ou sa correspondance, ni d\u2019atteintes \u00e0 son honneur et \u00e0 sa r\u00e9putation. Toute personne a droit \u00e0 la protection de la loi contre de telles immixtions ou de telles atteintes.<br \/>\nArticle 13 :<br \/>\n1. Toute personne a le droit de circuler librement et de choisir sa r\u00e9sidence \u00e0 l\u2019int\u00e9rieur d\u2019un Etat.<br \/>\n2. Toute personne a le droit de quitter tout pays, y compris le sien, et de revenir dans son pays.<br \/>\nArticle 14 :<br \/>\n1. Devant la pers\u00e9cution, toute personne a le droit de chercher asile et de b\u00e9n\u00e9ficier de l\u2019asile en d\u2019autres pays.<br \/>\n2. Ce droit ne peut \u00eatre invoqu\u00e9 dans le cas de poursuites r\u00e9ellement fond\u00e9es sur un crime de droit commun ou sur des agissements contraires aux buts et aux principes des Nations Unies.<br \/>\nArticle 15 :<br \/>\n1. Tout individu a droit \u00e0 une nationalit\u00e9.<br \/>\n2. Nul ne peut \u00eatre arbitrairement priv\u00e9 de sa nationalit\u00e9, ni du droit de changer de nationalit\u00e9. \u00bb<\/strong><br \/>\n&nbsp;<br \/>\nSource : D\u00e9claration universelle des droits humains, 1948.<\/p>\n<\/div>\n<div style=\"clear: left;\"><\/div>\n<\/div>\n<p>&nbsp;<\/p>\n","protected":false},"excerpt":{"rendered":"<p>&nbsp; \u00ab Article 12 : Nul ne sera l\u2019objet d\u2019immixtions arbitraires dans sa vie priv\u00e9e, sa famille, son domicile ou sa correspondance, ni d\u2019atteintes \u00e0 son honneur et \u00e0 sa r\u00e9putation. Toute personne a droit \u00e0 la protection de la loi contre de telles immixtions ou de telles atteintes. Article 13 : 1. Toute personne [&hellip;]<\/p>\n","protected":false},"author":1,"featured_media":0,"parent":0,"menu_order":0,"comment_status":"closed","ping_status":"closed","template":"","meta":{"footnotes":""},"_links":{"self":[{"href":"https:\/\/www.source77.net\/expophoto\/wp-json\/wp\/v2\/pages\/518"}],"collection":[{"href":"https:\/\/www.source77.net\/expophoto\/wp-json\/wp\/v2\/pages"}],"about":[{"href":"https:\/\/www.source77.net\/expophoto\/wp-json\/wp\/v2\/types\/page"}],"author":[{"embeddable":true,"href":"https:\/\/www.source77.net\/expophoto\/wp-json\/wp\/v2\/users\/1"}],"replies":[{"embeddable":true,"href":"https:\/\/www.source77.net\/expophoto\/wp-json\/wp\/v2\/comments?post=518"}],"version-history":[{"count":5,"href":"https:\/\/www.source77.net\/expophoto\/wp-json\/wp\/v2\/pages\/518\/revisions"}],"predecessor-version":[{"id":1188,"href":"https:\/\/www.source77.net\/expophoto\/wp-json\/wp\/v2\/pages\/518\/revisions\/1188"}],"wp:attachment":[{"href":"https:\/\/www.source77.net\/expophoto\/wp-json\/wp\/v2\/media?parent=518"}],"curies":[{"name":"wp","href":"https:\/\/api.w.org\/{rel}","templated":true}]}}