{"id":486,"date":"2023-03-07T09:58:26","date_gmt":"2023-03-07T08:58:26","guid":{"rendered":"http:\/\/www.source77.net\/expophoto\/panneau-54-copy\/"},"modified":"2023-09-20T17:21:06","modified_gmt":"2023-09-20T15:21:06","slug":"panneau-55","status":"publish","type":"page","link":"https:\/\/www.source77.net\/expophoto\/panneau-55\/","title":{"rendered":"Panneau-55"},"content":{"rendered":"<div>\n<div style=\"float: left; width: 350px;margin-right: 60px;\">\n<img decoding=\"async\" src=\"https:\/\/www.source77.net\/expophoto\/wp-content\/uploads\/2023\/03\/2021-04.jpg\" alt=\"Panneau_55\" \/>\n<\/div>\n<div style=\"float: left; width: 350px;text-align: justify;\">\n<p>&nbsp;<br \/>\n<strong>\u00ab Souvenez-vous que les hommes sont uns, enfants du P\u00e8re unique. Distribuez en toute confiance les biens de la Terre \u00e0 tous ceux qui sont dans le besoin. Faites ceci maintenant et sauvez le monde. Ainsi parlerai-je. Tel sera mon appel. Et, lorsque l\u2019humanit\u00e9 aura accept\u00e9 cette Loi, je me r\u00e9v\u00e9lerai. Nombreux, maintenant, sont ceux qui savent que ceci est vrai, qui ont envie de partager, qui aspirent \u00e0 la fraternit\u00e9, mais n\u2019agissent pas. Les choses ne se font pas d\u2019elles-m\u00eames. L\u2019homme doit agir et accomplir sa volont\u00e9. Aujourd\u2019hui, cette volont\u00e9 est aussi la Volont\u00e9 de Dieu. C\u2019est pourquoi le r\u00e9sultat en est assur\u00e9. \u00bb<\/strong><br \/>\n&nbsp;<br \/>\nMaitreya, extrait du message n\u00b0 31<\/p>\n<\/div>\n<div style=\"clear: left;\"><\/div>\n<\/div>\n<p>&nbsp;<\/p>\n","protected":false},"excerpt":{"rendered":"<p>&nbsp; \u00ab Souvenez-vous que les hommes sont uns, enfants du P\u00e8re unique. Distribuez en toute confiance les biens de la Terre \u00e0 tous ceux qui sont dans le besoin. Faites ceci maintenant et sauvez le monde. Ainsi parlerai-je. Tel sera mon appel. Et, lorsque l\u2019humanit\u00e9 aura accept\u00e9 cette Loi, je me r\u00e9v\u00e9lerai. Nombreux, maintenant, sont [&hellip;]<\/p>\n","protected":false},"author":1,"featured_media":0,"parent":0,"menu_order":0,"comment_status":"closed","ping_status":"closed","template":"","meta":{"footnotes":""},"_links":{"self":[{"href":"https:\/\/www.source77.net\/expophoto\/wp-json\/wp\/v2\/pages\/486"}],"collection":[{"href":"https:\/\/www.source77.net\/expophoto\/wp-json\/wp\/v2\/pages"}],"about":[{"href":"https:\/\/www.source77.net\/expophoto\/wp-json\/wp\/v2\/types\/page"}],"author":[{"embeddable":true,"href":"https:\/\/www.source77.net\/expophoto\/wp-json\/wp\/v2\/users\/1"}],"replies":[{"embeddable":true,"href":"https:\/\/www.source77.net\/expophoto\/wp-json\/wp\/v2\/comments?post=486"}],"version-history":[{"count":15,"href":"https:\/\/www.source77.net\/expophoto\/wp-json\/wp\/v2\/pages\/486\/revisions"}],"predecessor-version":[{"id":1184,"href":"https:\/\/www.source77.net\/expophoto\/wp-json\/wp\/v2\/pages\/486\/revisions\/1184"}],"wp:attachment":[{"href":"https:\/\/www.source77.net\/expophoto\/wp-json\/wp\/v2\/media?parent=486"}],"curies":[{"name":"wp","href":"https:\/\/api.w.org\/{rel}","templated":true}]}}