{"id":366,"date":"2022-11-17T11:46:00","date_gmt":"2022-11-17T10:46:00","guid":{"rendered":"http:\/\/www.source77.net\/expophoto\/panneau-23-copy\/"},"modified":"2023-09-20T17:02:02","modified_gmt":"2023-09-20T15:02:02","slug":"panneau-24","status":"publish","type":"page","link":"https:\/\/www.source77.net\/expophoto\/panneau-24\/","title":{"rendered":"Panneau-24"},"content":{"rendered":"<div>\n<div style=\"float: left; width: 350px;margin-right: 60px;\">\n<img decoding=\"async\" src=\"https:\/\/www.source77.net\/expophoto\/wp-content\/uploads\/2022\/12\/Panneau-24-1.jpg\" alt=\"Panneau_24\" \/>\n<\/div>\n<div style=\"float: left; width: 350px;text-align: justify;\">\n<p>&nbsp;<br \/>\n<strong>\u00ab Il n\u2019existe pas de t\u00e2che plus \u00e9lev\u00e9e que de travailler \u00e0 \u00e9radiquer la pauvret\u00e9 et \u00e0 promouvoir le d\u00e9veloppement durable dans les pays les plus pauvres du monde. \u00bb<\/strong><br \/>\n&nbsp;<br \/>\n&#8211; Tony Blair,\u00a0Premier ministre de Grande-Bretagne, discours de campagne sur les Affaires \u00e9trang\u00e8res, avril 1997<\/p>\n<\/div>\n<div style=\"clear: left;\"><\/div>\n<\/div>\n<p>&nbsp;<\/p>\n","protected":false},"excerpt":{"rendered":"<p>&nbsp; \u00ab Il n\u2019existe pas de t\u00e2che plus \u00e9lev\u00e9e que de travailler \u00e0 \u00e9radiquer la pauvret\u00e9 et \u00e0 promouvoir le d\u00e9veloppement durable dans les pays les plus pauvres du monde. \u00bb &nbsp; &#8211; Tony Blair,\u00a0Premier ministre de Grande-Bretagne, discours de campagne sur les Affaires \u00e9trang\u00e8res, avril 1997 &nbsp;<\/p>\n","protected":false},"author":1,"featured_media":0,"parent":0,"menu_order":0,"comment_status":"closed","ping_status":"closed","template":"","meta":{"footnotes":""},"_links":{"self":[{"href":"https:\/\/www.source77.net\/expophoto\/wp-json\/wp\/v2\/pages\/366"}],"collection":[{"href":"https:\/\/www.source77.net\/expophoto\/wp-json\/wp\/v2\/pages"}],"about":[{"href":"https:\/\/www.source77.net\/expophoto\/wp-json\/wp\/v2\/types\/page"}],"author":[{"embeddable":true,"href":"https:\/\/www.source77.net\/expophoto\/wp-json\/wp\/v2\/users\/1"}],"replies":[{"embeddable":true,"href":"https:\/\/www.source77.net\/expophoto\/wp-json\/wp\/v2\/comments?post=366"}],"version-history":[{"count":10,"href":"https:\/\/www.source77.net\/expophoto\/wp-json\/wp\/v2\/pages\/366\/revisions"}],"predecessor-version":[{"id":1152,"href":"https:\/\/www.source77.net\/expophoto\/wp-json\/wp\/v2\/pages\/366\/revisions\/1152"}],"wp:attachment":[{"href":"https:\/\/www.source77.net\/expophoto\/wp-json\/wp\/v2\/media?parent=366"}],"curies":[{"name":"wp","href":"https:\/\/api.w.org\/{rel}","templated":true}]}}