{"id":335,"date":"2016-12-20T11:35:08","date_gmt":"2016-12-20T10:35:08","guid":{"rendered":"http:\/\/www.source77.net\/expophoto\/panneau-53-copy\/"},"modified":"2023-09-20T17:20:34","modified_gmt":"2023-09-20T15:20:34","slug":"panneau-54","status":"publish","type":"page","link":"https:\/\/www.source77.net\/expophoto\/panneau-54\/","title":{"rendered":"Panneau-54"},"content":{"rendered":"<div>\n<div style=\"float: left; width: 350px;margin-right: 60px;\">\n<img decoding=\"async\" src=\"https:\/\/www.source77.net\/expophoto\/wp-content\/uploads\/2016\/12\/panneau_54.jpg\" alt=\"Panneau_54\" \/>\n<\/div>\n<div style=\"float: left; width: 350px;text-align: justify;\">\n<p>&nbsp;<br \/>\n<strong>Benjamin Creme<\/strong>, pr\u00e9c\u00e9dent r\u00e9dacteur en chef de Share International dont la revue en fran\u00e7ais est Partage International.<\/p>\n<\/div>\n<div style=\"clear: left;\"><\/div>\n<\/div>\n<p>&nbsp;<\/p>\n","protected":false},"excerpt":{"rendered":"<p>&nbsp; Benjamin Creme, pr\u00e9c\u00e9dent r\u00e9dacteur en chef de Share International dont la revue en fran\u00e7ais est Partage International. &nbsp;<\/p>\n","protected":false},"author":1,"featured_media":0,"parent":0,"menu_order":0,"comment_status":"closed","ping_status":"closed","template":"","meta":{"footnotes":""},"_links":{"self":[{"href":"https:\/\/www.source77.net\/expophoto\/wp-json\/wp\/v2\/pages\/335"}],"collection":[{"href":"https:\/\/www.source77.net\/expophoto\/wp-json\/wp\/v2\/pages"}],"about":[{"href":"https:\/\/www.source77.net\/expophoto\/wp-json\/wp\/v2\/types\/page"}],"author":[{"embeddable":true,"href":"https:\/\/www.source77.net\/expophoto\/wp-json\/wp\/v2\/users\/1"}],"replies":[{"embeddable":true,"href":"https:\/\/www.source77.net\/expophoto\/wp-json\/wp\/v2\/comments?post=335"}],"version-history":[{"count":3,"href":"https:\/\/www.source77.net\/expophoto\/wp-json\/wp\/v2\/pages\/335\/revisions"}],"predecessor-version":[{"id":1183,"href":"https:\/\/www.source77.net\/expophoto\/wp-json\/wp\/v2\/pages\/335\/revisions\/1183"}],"wp:attachment":[{"href":"https:\/\/www.source77.net\/expophoto\/wp-json\/wp\/v2\/media?parent=335"}],"curies":[{"name":"wp","href":"https:\/\/api.w.org\/{rel}","templated":true}]}}