{"id":306,"date":"2016-12-20T11:11:53","date_gmt":"2016-12-20T10:11:53","guid":{"rendered":"http:\/\/www.source77.net\/expophoto\/panneau-40-copy\/"},"modified":"2023-09-20T17:13:03","modified_gmt":"2023-09-20T15:13:03","slug":"panneau-41","status":"publish","type":"page","link":"https:\/\/www.source77.net\/expophoto\/panneau-41\/","title":{"rendered":"Panneau-41"},"content":{"rendered":"<div>\n<div style=\"float: left; width: 350px;margin-right: 60px;\">\n<img decoding=\"async\" src=\"https:\/\/www.source77.net\/expophoto\/wp-content\/uploads\/2016\/12\/panneau_41.jpg\" alt=\"Panneau_41\" \/>\n<\/div>\n<div style=\"float: left; width: 350px;text-align: justify;\">\n<p>&nbsp;<br \/>\n<strong>Je ne sais quelle sera votre destin\u00e9e, mais je sais une chose : seuls parmi vous seront heureux ceux qui auront cherch\u00e9 et trouv\u00e9 un domaine de service.<\/strong><br \/>\n&nbsp;<br \/>\nAlbert Schweitzer<\/p>\n<\/div>\n<div style=\"clear: left;\"><\/div>\n<\/div>\n<p>&nbsp;<\/p>\n","protected":false},"excerpt":{"rendered":"<p>&nbsp; Je ne sais quelle sera votre destin\u00e9e, mais je sais une chose : seuls parmi vous seront heureux ceux qui auront cherch\u00e9 et trouv\u00e9 un domaine de service. &nbsp; Albert Schweitzer &nbsp;<\/p>\n","protected":false},"author":1,"featured_media":0,"parent":0,"menu_order":0,"comment_status":"closed","ping_status":"closed","template":"","meta":{"footnotes":""},"_links":{"self":[{"href":"https:\/\/www.source77.net\/expophoto\/wp-json\/wp\/v2\/pages\/306"}],"collection":[{"href":"https:\/\/www.source77.net\/expophoto\/wp-json\/wp\/v2\/pages"}],"about":[{"href":"https:\/\/www.source77.net\/expophoto\/wp-json\/wp\/v2\/types\/page"}],"author":[{"embeddable":true,"href":"https:\/\/www.source77.net\/expophoto\/wp-json\/wp\/v2\/users\/1"}],"replies":[{"embeddable":true,"href":"https:\/\/www.source77.net\/expophoto\/wp-json\/wp\/v2\/comments?post=306"}],"version-history":[{"count":3,"href":"https:\/\/www.source77.net\/expophoto\/wp-json\/wp\/v2\/pages\/306\/revisions"}],"predecessor-version":[{"id":1170,"href":"https:\/\/www.source77.net\/expophoto\/wp-json\/wp\/v2\/pages\/306\/revisions\/1170"}],"wp:attachment":[{"href":"https:\/\/www.source77.net\/expophoto\/wp-json\/wp\/v2\/media?parent=306"}],"curies":[{"name":"wp","href":"https:\/\/api.w.org\/{rel}","templated":true}]}}