{"id":303,"date":"2016-12-20T11:09:57","date_gmt":"2016-12-20T10:09:57","guid":{"rendered":"http:\/\/www.source77.net\/expophoto\/panneau-39-copy\/"},"modified":"2023-09-20T17:12:32","modified_gmt":"2023-09-20T15:12:32","slug":"panneau-40","status":"publish","type":"page","link":"https:\/\/www.source77.net\/expophoto\/panneau-40\/","title":{"rendered":"Panneau-40"},"content":{"rendered":"<div>\n<div style=\"float: left; width: 350px;margin-right: 60px;\">\n<img decoding=\"async\" src=\"https:\/\/www.source77.net\/expophoto\/wp-content\/uploads\/2016\/12\/panneau_40.jpg\" alt=\"Panneau_40\" \/>\n<\/div>\n<div style=\"float: left; width: 350px;text-align: justify;\">\n<p>&nbsp;<br \/>\n<strong>Souvenez-vous du visage de l\u2019homme le plus pauvre et le plus faible que vous ayez jamais vu, et demandez-vous si vos projets actuels seront de quelque utilit\u00e9 pour lui. Y gagnera-t-il quelque chose ? Lui rendront-ils la ma\u00eetrise de sa vie et de sa destin\u00e9e ? En d\u2019autres termes, ce que vous envisagez de faire apportera-t-il la libert\u00e9 aux millions d\u2019individus affam\u00e9s de nourriture terrestre ou spirituelle ?<\/strong><br \/>\n&nbsp;<br \/>\nMahatma Gandhi<\/p>\n<\/div>\n<div style=\"clear: left;\"><\/div>\n<\/div>\n<p>&nbsp;<\/p>\n","protected":false},"excerpt":{"rendered":"<p>&nbsp; Souvenez-vous du visage de l\u2019homme le plus pauvre et le plus faible que vous ayez jamais vu, et demandez-vous si vos projets actuels seront de quelque utilit\u00e9 pour lui. Y gagnera-t-il quelque chose ? Lui rendront-ils la ma\u00eetrise de sa vie et de sa destin\u00e9e ? En d\u2019autres termes, ce que vous envisagez de [&hellip;]<\/p>\n","protected":false},"author":1,"featured_media":0,"parent":0,"menu_order":0,"comment_status":"closed","ping_status":"closed","template":"","meta":{"footnotes":""},"_links":{"self":[{"href":"https:\/\/www.source77.net\/expophoto\/wp-json\/wp\/v2\/pages\/303"}],"collection":[{"href":"https:\/\/www.source77.net\/expophoto\/wp-json\/wp\/v2\/pages"}],"about":[{"href":"https:\/\/www.source77.net\/expophoto\/wp-json\/wp\/v2\/types\/page"}],"author":[{"embeddable":true,"href":"https:\/\/www.source77.net\/expophoto\/wp-json\/wp\/v2\/users\/1"}],"replies":[{"embeddable":true,"href":"https:\/\/www.source77.net\/expophoto\/wp-json\/wp\/v2\/comments?post=303"}],"version-history":[{"count":3,"href":"https:\/\/www.source77.net\/expophoto\/wp-json\/wp\/v2\/pages\/303\/revisions"}],"predecessor-version":[{"id":1169,"href":"https:\/\/www.source77.net\/expophoto\/wp-json\/wp\/v2\/pages\/303\/revisions\/1169"}],"wp:attachment":[{"href":"https:\/\/www.source77.net\/expophoto\/wp-json\/wp\/v2\/media?parent=303"}],"curies":[{"name":"wp","href":"https:\/\/api.w.org\/{rel}","templated":true}]}}