{"id":289,"date":"2016-12-20T10:49:07","date_gmt":"2016-12-20T09:49:07","guid":{"rendered":"http:\/\/www.source77.net\/expophoto\/panneau-35-copy\/"},"modified":"2023-09-20T17:10:25","modified_gmt":"2023-09-20T15:10:25","slug":"panneau-36","status":"publish","type":"page","link":"https:\/\/www.source77.net\/expophoto\/panneau-36\/","title":{"rendered":"Panneau-36"},"content":{"rendered":"<div>\n<div style=\"float: left; width: 350px;margin-right: 60px;\">\n<img decoding=\"async\" src=\"https:\/\/www.source77.net\/expophoto\/wp-content\/uploads\/2016\/12\/panneau_36.jpg\" alt=\"Panneau_36\" \/>\n<\/div>\n<div style=\"float: left; width: 350px;text-align: justify;\">\n<p>&nbsp;<br \/>\n<strong>La seule fa\u00e7on d\u2019\u00e9radiquer la pauvret\u00e9 est le partage ; J\u00e9sus est venu, parmi les plus pauvres, pour enseigner aux hommes \u00e0 s\u2019aimer les uns les autres, ce qui signifie partager, afin que ceux qui ont re\u00e7u de Dieu l\u2019abondance, la partagent avec ceux qui n\u2019ont rien.<\/strong><br \/>\n&nbsp;<br \/>\nM\u00e8re Teresa<\/p>\n<\/div>\n<div style=\"clear: left;\"><\/div>\n<\/div>\n<p>&nbsp;<\/p>\n","protected":false},"excerpt":{"rendered":"<p>&nbsp; La seule fa\u00e7on d\u2019\u00e9radiquer la pauvret\u00e9 est le partage ; J\u00e9sus est venu, parmi les plus pauvres, pour enseigner aux hommes \u00e0 s\u2019aimer les uns les autres, ce qui signifie partager, afin que ceux qui ont re\u00e7u de Dieu l\u2019abondance, la partagent avec ceux qui n\u2019ont rien. &nbsp; M\u00e8re Teresa &nbsp;<\/p>\n","protected":false},"author":1,"featured_media":0,"parent":0,"menu_order":0,"comment_status":"closed","ping_status":"closed","template":"","meta":{"footnotes":""},"_links":{"self":[{"href":"https:\/\/www.source77.net\/expophoto\/wp-json\/wp\/v2\/pages\/289"}],"collection":[{"href":"https:\/\/www.source77.net\/expophoto\/wp-json\/wp\/v2\/pages"}],"about":[{"href":"https:\/\/www.source77.net\/expophoto\/wp-json\/wp\/v2\/types\/page"}],"author":[{"embeddable":true,"href":"https:\/\/www.source77.net\/expophoto\/wp-json\/wp\/v2\/users\/1"}],"replies":[{"embeddable":true,"href":"https:\/\/www.source77.net\/expophoto\/wp-json\/wp\/v2\/comments?post=289"}],"version-history":[{"count":3,"href":"https:\/\/www.source77.net\/expophoto\/wp-json\/wp\/v2\/pages\/289\/revisions"}],"predecessor-version":[{"id":1165,"href":"https:\/\/www.source77.net\/expophoto\/wp-json\/wp\/v2\/pages\/289\/revisions\/1165"}],"wp:attachment":[{"href":"https:\/\/www.source77.net\/expophoto\/wp-json\/wp\/v2\/media?parent=289"}],"curies":[{"name":"wp","href":"https:\/\/api.w.org\/{rel}","templated":true}]}}