{"id":286,"date":"2016-12-20T10:46:58","date_gmt":"2016-12-20T09:46:58","guid":{"rendered":"http:\/\/www.source77.net\/expophoto\/panneau-34-copy\/"},"modified":"2023-09-20T17:09:52","modified_gmt":"2023-09-20T15:09:52","slug":"panneau-35","status":"publish","type":"page","link":"https:\/\/www.source77.net\/expophoto\/panneau-35\/","title":{"rendered":"Panneau-35"},"content":{"rendered":"<div>\n<div style=\"float: left; width: 350px;margin-right: 60px;\">\n<img decoding=\"async\" src=\"https:\/\/www.source77.net\/expophoto\/wp-content\/uploads\/2016\/12\/panneau_35.jpg\" alt=\"Panneau_35\" \/>\n<\/div>\n<div style=\"float: left; width: 350px;text-align: justify;\">\n<p>&nbsp;<br \/>\n<strong>Il est urgent de limiter nos d\u00e9sirs. Si le sacrifice et l\u2019oubli de soi nous sont si difficiles, c\u2019est parce que, dans la vie politique, publique et priv\u00e9e, nous avons depuis longtemps laiss\u00e9 tomber au fond de l\u2019oc\u00e9an cette cl\u00e9 d\u2019or qu\u2019est la capacit\u00e9 \u00e0 se contenter du n\u00e9cessaire. Cette capacit\u00e9 est pourtant le but fondamental, le but le plus sage que se donne l\u2019homme qui a obtenu sa libert\u00e9.<\/strong><br \/>\n&nbsp;<br \/>\nAlexandre Soljenitsine<\/p>\n<\/div>\n<div style=\"clear: left;\"><\/div>\n<\/div>\n<p>&nbsp;<\/p>\n","protected":false},"excerpt":{"rendered":"<p>&nbsp; Il est urgent de limiter nos d\u00e9sirs. Si le sacrifice et l\u2019oubli de soi nous sont si difficiles, c\u2019est parce que, dans la vie politique, publique et priv\u00e9e, nous avons depuis longtemps laiss\u00e9 tomber au fond de l\u2019oc\u00e9an cette cl\u00e9 d\u2019or qu\u2019est la capacit\u00e9 \u00e0 se contenter du n\u00e9cessaire. Cette capacit\u00e9 est pourtant le [&hellip;]<\/p>\n","protected":false},"author":1,"featured_media":0,"parent":0,"menu_order":0,"comment_status":"closed","ping_status":"closed","template":"","meta":{"footnotes":""},"_links":{"self":[{"href":"https:\/\/www.source77.net\/expophoto\/wp-json\/wp\/v2\/pages\/286"}],"collection":[{"href":"https:\/\/www.source77.net\/expophoto\/wp-json\/wp\/v2\/pages"}],"about":[{"href":"https:\/\/www.source77.net\/expophoto\/wp-json\/wp\/v2\/types\/page"}],"author":[{"embeddable":true,"href":"https:\/\/www.source77.net\/expophoto\/wp-json\/wp\/v2\/users\/1"}],"replies":[{"embeddable":true,"href":"https:\/\/www.source77.net\/expophoto\/wp-json\/wp\/v2\/comments?post=286"}],"version-history":[{"count":3,"href":"https:\/\/www.source77.net\/expophoto\/wp-json\/wp\/v2\/pages\/286\/revisions"}],"predecessor-version":[{"id":1164,"href":"https:\/\/www.source77.net\/expophoto\/wp-json\/wp\/v2\/pages\/286\/revisions\/1164"}],"wp:attachment":[{"href":"https:\/\/www.source77.net\/expophoto\/wp-json\/wp\/v2\/media?parent=286"}],"curies":[{"name":"wp","href":"https:\/\/api.w.org\/{rel}","templated":true}]}}