{"id":248,"date":"2016-12-19T15:39:12","date_gmt":"2016-12-19T14:39:12","guid":{"rendered":"http:\/\/www.source77.net\/expophoto\/panneau-28-copy\/"},"modified":"2023-09-20T17:04:44","modified_gmt":"2023-09-20T15:04:44","slug":"panneau-29","status":"publish","type":"page","link":"https:\/\/www.source77.net\/expophoto\/panneau-29\/","title":{"rendered":"Panneau-29"},"content":{"rendered":"<div>\n<div style=\"float: left; width: 350px;margin-right: 60px;\">\n<img decoding=\"async\" src=\"https:\/\/www.source77.net\/expophoto\/wp-content\/uploads\/2016\/12\/panneau_29.jpg\" alt=\"Panneau_29\" \/>\n<\/div>\n<div style=\"float: left; width: 350px;text-align: justify;\">\n<p>&nbsp;<br \/>\n<strong>Depuis des si\u00e8cles, nous traitons la nature comme si nous pouvions impun\u00e9ment en r\u00e9colter les largesses, sans consid\u00e9ration de ses lois et de son \u00e9quilibre. Mais elle a fini par se r\u00e9volter, et de quelle mani\u00e8re ! Nous devons d\u00e9sormais laisser derri\u00e8re nous la cupidit\u00e9\u00a0; faute de quoi, il n&rsquo;y aura pas d&rsquo;avenir.<\/strong><br \/>\n&nbsp;<br \/>\nProfesseur Gertrud H\u00f6hler, Hamburger Morgenpost<\/p>\n<\/div>\n<div style=\"clear: left;\"><\/div>\n<\/div>\n<p>&nbsp;<\/p>\n","protected":false},"excerpt":{"rendered":"<p>&nbsp; Depuis des si\u00e8cles, nous traitons la nature comme si nous pouvions impun\u00e9ment en r\u00e9colter les largesses, sans consid\u00e9ration de ses lois et de son \u00e9quilibre. Mais elle a fini par se r\u00e9volter, et de quelle mani\u00e8re ! Nous devons d\u00e9sormais laisser derri\u00e8re nous la cupidit\u00e9\u00a0; faute de quoi, il n&rsquo;y aura pas d&rsquo;avenir. &nbsp; [&hellip;]<\/p>\n","protected":false},"author":1,"featured_media":0,"parent":0,"menu_order":0,"comment_status":"closed","ping_status":"closed","template":"","meta":{"footnotes":""},"_links":{"self":[{"href":"https:\/\/www.source77.net\/expophoto\/wp-json\/wp\/v2\/pages\/248"}],"collection":[{"href":"https:\/\/www.source77.net\/expophoto\/wp-json\/wp\/v2\/pages"}],"about":[{"href":"https:\/\/www.source77.net\/expophoto\/wp-json\/wp\/v2\/types\/page"}],"author":[{"embeddable":true,"href":"https:\/\/www.source77.net\/expophoto\/wp-json\/wp\/v2\/users\/1"}],"replies":[{"embeddable":true,"href":"https:\/\/www.source77.net\/expophoto\/wp-json\/wp\/v2\/comments?post=248"}],"version-history":[{"count":5,"href":"https:\/\/www.source77.net\/expophoto\/wp-json\/wp\/v2\/pages\/248\/revisions"}],"predecessor-version":[{"id":1157,"href":"https:\/\/www.source77.net\/expophoto\/wp-json\/wp\/v2\/pages\/248\/revisions\/1157"}],"wp:attachment":[{"href":"https:\/\/www.source77.net\/expophoto\/wp-json\/wp\/v2\/media?parent=248"}],"curies":[{"name":"wp","href":"https:\/\/api.w.org\/{rel}","templated":true}]}}