{"id":237,"date":"2016-12-19T15:22:21","date_gmt":"2016-12-19T14:22:21","guid":{"rendered":"http:\/\/www.source77.net\/expophoto\/panneau-24-copy\/"},"modified":"2023-09-20T17:02:40","modified_gmt":"2023-09-20T15:02:40","slug":"panneau-25","status":"publish","type":"page","link":"https:\/\/www.source77.net\/expophoto\/panneau-25\/","title":{"rendered":"Panneau-25"},"content":{"rendered":"<div>\n<div style=\"float: left; width: 350px;margin-right: 60px;\">\n<img decoding=\"async\" src=\"https:\/\/www.source77.net\/expophoto\/wp-content\/uploads\/2016\/12\/panneau_25.jpg\" alt=\"Panneau_25\" \/>\n<\/div>\n<div style=\"float: left; width: 350px;text-align: justify;\">\n<p>&nbsp;<br \/>\n<strong>Ce n&rsquo;est pas \u00e0 la mani\u00e8re dont elle traite les plus privil\u00e9gi\u00e9s de ses citoyens qu&rsquo;il faut juger une nation, mais \u00e0 celle dont elle traite les plus d\u00e9favoris\u00e9s d&rsquo;entre eux.<\/strong><br \/>\n&nbsp;<br \/>\nNelson Mandela, pr\u00e9sident d&rsquo;Afrique du Sud<\/p>\n<\/div>\n<div style=\"clear: left;\"><\/div>\n<\/div>\n<p>&nbsp;<\/p>\n","protected":false},"excerpt":{"rendered":"<p>&nbsp; Ce n&rsquo;est pas \u00e0 la mani\u00e8re dont elle traite les plus privil\u00e9gi\u00e9s de ses citoyens qu&rsquo;il faut juger une nation, mais \u00e0 celle dont elle traite les plus d\u00e9favoris\u00e9s d&rsquo;entre eux. &nbsp; Nelson Mandela, pr\u00e9sident d&rsquo;Afrique du Sud &nbsp;<\/p>\n","protected":false},"author":1,"featured_media":0,"parent":0,"menu_order":0,"comment_status":"closed","ping_status":"closed","template":"","meta":{"footnotes":""},"_links":{"self":[{"href":"https:\/\/www.source77.net\/expophoto\/wp-json\/wp\/v2\/pages\/237"}],"collection":[{"href":"https:\/\/www.source77.net\/expophoto\/wp-json\/wp\/v2\/pages"}],"about":[{"href":"https:\/\/www.source77.net\/expophoto\/wp-json\/wp\/v2\/types\/page"}],"author":[{"embeddable":true,"href":"https:\/\/www.source77.net\/expophoto\/wp-json\/wp\/v2\/users\/1"}],"replies":[{"embeddable":true,"href":"https:\/\/www.source77.net\/expophoto\/wp-json\/wp\/v2\/comments?post=237"}],"version-history":[{"count":3,"href":"https:\/\/www.source77.net\/expophoto\/wp-json\/wp\/v2\/pages\/237\/revisions"}],"predecessor-version":[{"id":1153,"href":"https:\/\/www.source77.net\/expophoto\/wp-json\/wp\/v2\/pages\/237\/revisions\/1153"}],"wp:attachment":[{"href":"https:\/\/www.source77.net\/expophoto\/wp-json\/wp\/v2\/media?parent=237"}],"curies":[{"name":"wp","href":"https:\/\/api.w.org\/{rel}","templated":true}]}}