{"id":232,"date":"2016-12-19T15:15:09","date_gmt":"2016-12-19T14:15:09","guid":{"rendered":"http:\/\/www.source77.net\/expophoto\/panneau-22-copy\/"},"modified":"2023-09-20T16:08:54","modified_gmt":"2023-09-20T14:08:54","slug":"panneau-23","status":"publish","type":"page","link":"https:\/\/www.source77.net\/expophoto\/panneau-23\/","title":{"rendered":"Panneau-23"},"content":{"rendered":"<div>\n<div style=\"float: left; width: 350px;margin-right: 60px;\">\n<img decoding=\"async\" src=\"https:\/\/www.source77.net\/expophoto\/wp-content\/uploads\/2016\/12\/panneau_23.jpg\" alt=\"Panneau_23\" \/>\n<\/div>\n<div style=\"float: left; width: 350px;text-align: justify;\">\n<p>&nbsp;<br \/>\n<strong>Se pr\u00e9occuper du bien-\u00eatre des riches \u00e0 l&rsquo;exclusion de celui des pauvres est non seulement inhumain et injuste, mais c&rsquo;est \u00e9galement aller \u00e0 l&rsquo;encontre de nos propres int\u00e9r\u00eats. Car la situation dans laquelle nous abandonnons les plus faibles d&rsquo;entre nous est celle que nous attirons finalement sur nous-m\u00eames.<\/strong><br \/>\n&nbsp;<br \/>\nKenneth David Kaunda, pr\u00e9sident de la Zambie<\/p>\n<\/div>\n<div style=\"clear: left;\"><\/div>\n<\/div>\n<p>&nbsp;<\/p>\n","protected":false},"excerpt":{"rendered":"<p>&nbsp; Se pr\u00e9occuper du bien-\u00eatre des riches \u00e0 l&rsquo;exclusion de celui des pauvres est non seulement inhumain et injuste, mais c&rsquo;est \u00e9galement aller \u00e0 l&rsquo;encontre de nos propres int\u00e9r\u00eats. Car la situation dans laquelle nous abandonnons les plus faibles d&rsquo;entre nous est celle que nous attirons finalement sur nous-m\u00eames. &nbsp; Kenneth David Kaunda, pr\u00e9sident de [&hellip;]<\/p>\n","protected":false},"author":1,"featured_media":0,"parent":0,"menu_order":0,"comment_status":"closed","ping_status":"closed","template":"","meta":{"footnotes":""},"_links":{"self":[{"href":"https:\/\/www.source77.net\/expophoto\/wp-json\/wp\/v2\/pages\/232"}],"collection":[{"href":"https:\/\/www.source77.net\/expophoto\/wp-json\/wp\/v2\/pages"}],"about":[{"href":"https:\/\/www.source77.net\/expophoto\/wp-json\/wp\/v2\/types\/page"}],"author":[{"embeddable":true,"href":"https:\/\/www.source77.net\/expophoto\/wp-json\/wp\/v2\/users\/1"}],"replies":[{"embeddable":true,"href":"https:\/\/www.source77.net\/expophoto\/wp-json\/wp\/v2\/comments?post=232"}],"version-history":[{"count":4,"href":"https:\/\/www.source77.net\/expophoto\/wp-json\/wp\/v2\/pages\/232\/revisions"}],"predecessor-version":[{"id":1151,"href":"https:\/\/www.source77.net\/expophoto\/wp-json\/wp\/v2\/pages\/232\/revisions\/1151"}],"wp:attachment":[{"href":"https:\/\/www.source77.net\/expophoto\/wp-json\/wp\/v2\/media?parent=232"}],"curies":[{"name":"wp","href":"https:\/\/api.w.org\/{rel}","templated":true}]}}