{"id":229,"date":"2016-12-19T15:12:10","date_gmt":"2016-12-19T14:12:10","guid":{"rendered":"http:\/\/www.source77.net\/expophoto\/panneau-21-copy\/"},"modified":"2023-09-20T15:49:31","modified_gmt":"2023-09-20T13:49:31","slug":"panneau-22","status":"publish","type":"page","link":"https:\/\/www.source77.net\/expophoto\/panneau-22\/","title":{"rendered":"Panneau-22"},"content":{"rendered":"<div>\n<div style=\"float: left; width: 350px;margin-right: 60px;\">\n<img decoding=\"async\" src=\"https:\/\/www.source77.net\/expophoto\/wp-content\/uploads\/2016\/12\/panneau_22.jpg\" alt=\"Panneau_22\" \/>\n<\/div>\n<div style=\"float: left; width: 350px;text-align: justify;\">\n<p>&nbsp;<br \/>\n<strong>Plus d&rsquo;un milliard d&rsquo;individus luttent pour survivre avec moins d&rsquo;un dollar par jour, et deux cents millions d&rsquo;enfants meurent chaque ann\u00e9e de causes directement li\u00e9es \u00e0 la pauvret\u00e9. En Afrique subsaharienne, la probabilit\u00e9 qu&rsquo;un enfant souffre de la faim reste aujourd&rsquo;hui sup\u00e9rieure \u00e0 ses chances d&rsquo;aller \u00e0 l&rsquo;\u00e9cole.<\/strong><br \/>\n&nbsp;<br \/>\nExtrait du communiqu\u00e9 final de la XIVe rencontre annuelle du conseil d&rsquo;Interaction, 1996<\/p>\n<\/div>\n<div style=\"clear: left;\"><\/div>\n<\/div>\n<p>&nbsp;<\/p>\n","protected":false},"excerpt":{"rendered":"<p>&nbsp; Plus d&rsquo;un milliard d&rsquo;individus luttent pour survivre avec moins d&rsquo;un dollar par jour, et deux cents millions d&rsquo;enfants meurent chaque ann\u00e9e de causes directement li\u00e9es \u00e0 la pauvret\u00e9. En Afrique subsaharienne, la probabilit\u00e9 qu&rsquo;un enfant souffre de la faim reste aujourd&rsquo;hui sup\u00e9rieure \u00e0 ses chances d&rsquo;aller \u00e0 l&rsquo;\u00e9cole. &nbsp; Extrait du communiqu\u00e9 final de [&hellip;]<\/p>\n","protected":false},"author":1,"featured_media":0,"parent":0,"menu_order":0,"comment_status":"closed","ping_status":"closed","template":"","meta":{"footnotes":""},"_links":{"self":[{"href":"https:\/\/www.source77.net\/expophoto\/wp-json\/wp\/v2\/pages\/229"}],"collection":[{"href":"https:\/\/www.source77.net\/expophoto\/wp-json\/wp\/v2\/pages"}],"about":[{"href":"https:\/\/www.source77.net\/expophoto\/wp-json\/wp\/v2\/types\/page"}],"author":[{"embeddable":true,"href":"https:\/\/www.source77.net\/expophoto\/wp-json\/wp\/v2\/users\/1"}],"replies":[{"embeddable":true,"href":"https:\/\/www.source77.net\/expophoto\/wp-json\/wp\/v2\/comments?post=229"}],"version-history":[{"count":3,"href":"https:\/\/www.source77.net\/expophoto\/wp-json\/wp\/v2\/pages\/229\/revisions"}],"predecessor-version":[{"id":1150,"href":"https:\/\/www.source77.net\/expophoto\/wp-json\/wp\/v2\/pages\/229\/revisions\/1150"}],"wp:attachment":[{"href":"https:\/\/www.source77.net\/expophoto\/wp-json\/wp\/v2\/media?parent=229"}],"curies":[{"name":"wp","href":"https:\/\/api.w.org\/{rel}","templated":true}]}}