{"id":226,"date":"2016-12-19T15:08:51","date_gmt":"2016-12-19T14:08:51","guid":{"rendered":"http:\/\/www.source77.net\/expophoto\/panneau-20-copy\/"},"modified":"2023-09-20T15:47:41","modified_gmt":"2023-09-20T13:47:41","slug":"panneau-21","status":"publish","type":"page","link":"https:\/\/www.source77.net\/expophoto\/panneau-21\/","title":{"rendered":"Panneau-21"},"content":{"rendered":"<div>\n<div style=\"float: left; width: 350px;margin-right: 60px;\">\n<img decoding=\"async\" src=\"https:\/\/www.source77.net\/expophoto\/wp-content\/uploads\/2016\/12\/panneau_21.jpg\" alt=\"Panneau_21\" \/>\n<\/div>\n<div style=\"float: left; width: 350px;text-align: justify;\">\n<p>&nbsp;<br \/>\n<strong>On me demande souvent : \u201cQui a gagn\u00e9 la guerre froide ?\u201d. Et je r\u00e9ponds : \u201cPersonne n&rsquo;a remport\u00e9 cette guerre. Les deux camps ont perdu\u201d. Nous avons perdu quarante ans, apr\u00e8s la Seconde Guerre mondiale, \u00e0 d\u00e9penser des sommes colossales dans la course aux armements. Si nous avions utilis\u00e9 ces ressources diff\u00e9remment, nous aurions r\u00e9solu nombre de probl\u00e8mes \u00e9cologiques et de difficult\u00e9s Nord-Sud.<\/strong><br \/>\n&nbsp;<br \/>\nMikha\u00efl Gorbatchev, pr\u00e9sident de l&rsquo;URSS<\/p>\n<\/div>\n<div style=\"clear: left;\"><\/div>\n<\/div>\n<p>&nbsp;<\/p>\n","protected":false},"excerpt":{"rendered":"<p>&nbsp; On me demande souvent : \u201cQui a gagn\u00e9 la guerre froide ?\u201d. Et je r\u00e9ponds : \u201cPersonne n&rsquo;a remport\u00e9 cette guerre. Les deux camps ont perdu\u201d. Nous avons perdu quarante ans, apr\u00e8s la Seconde Guerre mondiale, \u00e0 d\u00e9penser des sommes colossales dans la course aux armements. Si nous avions utilis\u00e9 ces ressources diff\u00e9remment, nous [&hellip;]<\/p>\n","protected":false},"author":1,"featured_media":0,"parent":0,"menu_order":0,"comment_status":"closed","ping_status":"closed","template":"","meta":{"footnotes":""},"_links":{"self":[{"href":"https:\/\/www.source77.net\/expophoto\/wp-json\/wp\/v2\/pages\/226"}],"collection":[{"href":"https:\/\/www.source77.net\/expophoto\/wp-json\/wp\/v2\/pages"}],"about":[{"href":"https:\/\/www.source77.net\/expophoto\/wp-json\/wp\/v2\/types\/page"}],"author":[{"embeddable":true,"href":"https:\/\/www.source77.net\/expophoto\/wp-json\/wp\/v2\/users\/1"}],"replies":[{"embeddable":true,"href":"https:\/\/www.source77.net\/expophoto\/wp-json\/wp\/v2\/comments?post=226"}],"version-history":[{"count":3,"href":"https:\/\/www.source77.net\/expophoto\/wp-json\/wp\/v2\/pages\/226\/revisions"}],"predecessor-version":[{"id":1149,"href":"https:\/\/www.source77.net\/expophoto\/wp-json\/wp\/v2\/pages\/226\/revisions\/1149"}],"wp:attachment":[{"href":"https:\/\/www.source77.net\/expophoto\/wp-json\/wp\/v2\/media?parent=226"}],"curies":[{"name":"wp","href":"https:\/\/api.w.org\/{rel}","templated":true}]}}