{"id":221,"date":"2016-12-19T15:04:00","date_gmt":"2016-12-19T14:04:00","guid":{"rendered":"http:\/\/www.source77.net\/expophoto\/panneau-18-copy\/"},"modified":"2023-09-20T15:44:46","modified_gmt":"2023-09-20T13:44:46","slug":"panneau-19","status":"publish","type":"page","link":"https:\/\/www.source77.net\/expophoto\/panneau-19\/","title":{"rendered":"Panneau-19"},"content":{"rendered":"<div>\n<div style=\"float: left; width: 350px;margin-right: 60px;\">\n<img decoding=\"async\" src=\"https:\/\/www.source77.net\/expophoto\/wp-content\/uploads\/2016\/12\/panneau_19.jpg\" alt=\"Panneau_19\" \/>\n<\/div>\n<div style=\"float: left; width: 350px;text-align: justify;\">\n<p>&nbsp;<br \/>\n<strong>La pauvret\u00e9 est la plus terrible des formes de pollution.<\/strong><br \/>\n&nbsp;<br \/>\nIndira Gandhi, premier ministre de l&rsquo;Inde, \u00e0 la premi\u00e8re conf\u00e9rence des Nations unies sur l&rsquo;Environnement, Stockholm, 1972<\/p>\n<\/div>\n<div style=\"clear: left;\"><\/div>\n<\/div>\n<p>&nbsp;<\/p>\n","protected":false},"excerpt":{"rendered":"<p>&nbsp; La pauvret\u00e9 est la plus terrible des formes de pollution. &nbsp; Indira Gandhi, premier ministre de l&rsquo;Inde, \u00e0 la premi\u00e8re conf\u00e9rence des Nations unies sur l&rsquo;Environnement, Stockholm, 1972 &nbsp;<\/p>\n","protected":false},"author":1,"featured_media":0,"parent":0,"menu_order":0,"comment_status":"closed","ping_status":"closed","template":"","meta":{"footnotes":""},"_links":{"self":[{"href":"https:\/\/www.source77.net\/expophoto\/wp-json\/wp\/v2\/pages\/221"}],"collection":[{"href":"https:\/\/www.source77.net\/expophoto\/wp-json\/wp\/v2\/pages"}],"about":[{"href":"https:\/\/www.source77.net\/expophoto\/wp-json\/wp\/v2\/types\/page"}],"author":[{"embeddable":true,"href":"https:\/\/www.source77.net\/expophoto\/wp-json\/wp\/v2\/users\/1"}],"replies":[{"embeddable":true,"href":"https:\/\/www.source77.net\/expophoto\/wp-json\/wp\/v2\/comments?post=221"}],"version-history":[{"count":3,"href":"https:\/\/www.source77.net\/expophoto\/wp-json\/wp\/v2\/pages\/221\/revisions"}],"predecessor-version":[{"id":1147,"href":"https:\/\/www.source77.net\/expophoto\/wp-json\/wp\/v2\/pages\/221\/revisions\/1147"}],"wp:attachment":[{"href":"https:\/\/www.source77.net\/expophoto\/wp-json\/wp\/v2\/media?parent=221"}],"curies":[{"name":"wp","href":"https:\/\/api.w.org\/{rel}","templated":true}]}}