{"id":218,"date":"2016-12-19T15:01:18","date_gmt":"2016-12-19T14:01:18","guid":{"rendered":"http:\/\/www.source77.net\/expophoto\/panneau-17-copy\/"},"modified":"2023-09-20T15:43:07","modified_gmt":"2023-09-20T13:43:07","slug":"panneau-18","status":"publish","type":"page","link":"https:\/\/www.source77.net\/expophoto\/panneau-18\/","title":{"rendered":"Panneau-18"},"content":{"rendered":"<div>\n<div style=\"float: left; width: 350px;margin-right: 60px;\">\n<img decoding=\"async\" src=\"https:\/\/www.source77.net\/expophoto\/wp-content\/uploads\/2016\/12\/panneau_18.jpg\" alt=\"Panneau_18\" \/>\n<\/div>\n<div style=\"float: left; width: 350px;text-align: justify;\">\n<p>&nbsp;<br \/>\n<strong>Le combat contre la pauvret\u00e9 n\u00e9cessite l&rsquo;invention d&rsquo;une nouvelle \u00e9thique de l&rsquo;\u00e9conomie, celle de l&rsquo;\u00e9conomie de la g\u00e9n\u00e9rosit\u00e9.<\/strong><br \/>\n&nbsp;<br \/>\nGeoffrey Lean, Pour un changement, Londres<\/p>\n<\/div>\n<div style=\"clear: left;\"><\/div>\n<\/div>\n<p>&nbsp;<\/p>\n","protected":false},"excerpt":{"rendered":"<p>&nbsp; Le combat contre la pauvret\u00e9 n\u00e9cessite l&rsquo;invention d&rsquo;une nouvelle \u00e9thique de l&rsquo;\u00e9conomie, celle de l&rsquo;\u00e9conomie de la g\u00e9n\u00e9rosit\u00e9. &nbsp; Geoffrey Lean, Pour un changement, Londres &nbsp;<\/p>\n","protected":false},"author":1,"featured_media":0,"parent":0,"menu_order":0,"comment_status":"closed","ping_status":"closed","template":"","meta":{"footnotes":""},"_links":{"self":[{"href":"https:\/\/www.source77.net\/expophoto\/wp-json\/wp\/v2\/pages\/218"}],"collection":[{"href":"https:\/\/www.source77.net\/expophoto\/wp-json\/wp\/v2\/pages"}],"about":[{"href":"https:\/\/www.source77.net\/expophoto\/wp-json\/wp\/v2\/types\/page"}],"author":[{"embeddable":true,"href":"https:\/\/www.source77.net\/expophoto\/wp-json\/wp\/v2\/users\/1"}],"replies":[{"embeddable":true,"href":"https:\/\/www.source77.net\/expophoto\/wp-json\/wp\/v2\/comments?post=218"}],"version-history":[{"count":3,"href":"https:\/\/www.source77.net\/expophoto\/wp-json\/wp\/v2\/pages\/218\/revisions"}],"predecessor-version":[{"id":1146,"href":"https:\/\/www.source77.net\/expophoto\/wp-json\/wp\/v2\/pages\/218\/revisions\/1146"}],"wp:attachment":[{"href":"https:\/\/www.source77.net\/expophoto\/wp-json\/wp\/v2\/media?parent=218"}],"curies":[{"name":"wp","href":"https:\/\/api.w.org\/{rel}","templated":true}]}}