{"id":215,"date":"2016-12-19T14:57:18","date_gmt":"2016-12-19T13:57:18","guid":{"rendered":"http:\/\/www.source77.net\/expophoto\/panneau-16-copy\/"},"modified":"2023-09-20T15:41:29","modified_gmt":"2023-09-20T13:41:29","slug":"panneau-17","status":"publish","type":"page","link":"https:\/\/www.source77.net\/expophoto\/panneau-17\/","title":{"rendered":"Panneau-17"},"content":{"rendered":"<div>\n<div style=\"float: left; width: 350px;margin-right: 60px;\">\n<img decoding=\"async\" src=\"https:\/\/www.source77.net\/expophoto\/wp-content\/uploads\/2016\/12\/panneau_17.jpg\" alt=\"Panneau_17\" \/>\n<\/div>\n<div style=\"float: left; width: 350px;text-align: justify;\">\n<p>&nbsp;<br \/>\n<strong>Je crois que notre plus grand probl\u00e8me est celui des relations entre les nations avanc\u00e9es et celles qui sont frapp\u00e9es par la pauvret\u00e9. Ce qu&rsquo;il nous faut faire, c&rsquo;est de dire au monde en d\u00e9veloppement\u00a0: \u201cNous sommes tous dans le m\u00eame bateau, vos probl\u00e8mes sont les n\u00f4tres.\u201d <\/strong><br \/>\n&nbsp;<br \/>\n<strong>Il y a actuellement une cinquantaine de nations qui ne pourront jamais rembourser le principal de leur dette. Cela nous para\u00eet, \u00e0 nous pays riches, une menace contre la solidit\u00e9 et le rendement de nos r\u00e9serves bancaires. Mais pour ces gens, c&rsquo;est une question de vie ou de mort. Si l&rsquo;on demandait \u00e0 une famille dont un enfant souffre de la faim de choisir entre le pain et la libert\u00e9, il n&rsquo;est pas s\u00fbr qu&rsquo;elle opterait pour la libert\u00e9.<\/strong><br \/>\n&nbsp;<br \/>\nJimmy Carter, pr\u00e9sident des \u00c9tats-Unis<\/p>\n<\/div>\n<div style=\"clear: left;\"><\/div>\n<\/div>\n<p>&nbsp;<\/p>\n","protected":false},"excerpt":{"rendered":"<p>&nbsp; Je crois que notre plus grand probl\u00e8me est celui des relations entre les nations avanc\u00e9es et celles qui sont frapp\u00e9es par la pauvret\u00e9. Ce qu&rsquo;il nous faut faire, c&rsquo;est de dire au monde en d\u00e9veloppement\u00a0: \u201cNous sommes tous dans le m\u00eame bateau, vos probl\u00e8mes sont les n\u00f4tres.\u201d &nbsp; Il y a actuellement une cinquantaine [&hellip;]<\/p>\n","protected":false},"author":1,"featured_media":0,"parent":0,"menu_order":0,"comment_status":"closed","ping_status":"closed","template":"","meta":{"footnotes":""},"_links":{"self":[{"href":"https:\/\/www.source77.net\/expophoto\/wp-json\/wp\/v2\/pages\/215"}],"collection":[{"href":"https:\/\/www.source77.net\/expophoto\/wp-json\/wp\/v2\/pages"}],"about":[{"href":"https:\/\/www.source77.net\/expophoto\/wp-json\/wp\/v2\/types\/page"}],"author":[{"embeddable":true,"href":"https:\/\/www.source77.net\/expophoto\/wp-json\/wp\/v2\/users\/1"}],"replies":[{"embeddable":true,"href":"https:\/\/www.source77.net\/expophoto\/wp-json\/wp\/v2\/comments?post=215"}],"version-history":[{"count":3,"href":"https:\/\/www.source77.net\/expophoto\/wp-json\/wp\/v2\/pages\/215\/revisions"}],"predecessor-version":[{"id":1145,"href":"https:\/\/www.source77.net\/expophoto\/wp-json\/wp\/v2\/pages\/215\/revisions\/1145"}],"wp:attachment":[{"href":"https:\/\/www.source77.net\/expophoto\/wp-json\/wp\/v2\/media?parent=215"}],"curies":[{"name":"wp","href":"https:\/\/api.w.org\/{rel}","templated":true}]}}