{"id":206,"date":"2016-12-19T14:49:36","date_gmt":"2016-12-19T13:49:36","guid":{"rendered":"http:\/\/www.source77.net\/expophoto\/panneau-13-copy\/"},"modified":"2023-09-20T15:38:18","modified_gmt":"2023-09-20T13:38:18","slug":"panneau-14","status":"publish","type":"page","link":"https:\/\/www.source77.net\/expophoto\/panneau-14\/","title":{"rendered":"Panneau-14"},"content":{"rendered":"<div>\n<div style=\"float: left; width: 350px;margin-right: 60px;\">\n<img decoding=\"async\" src=\"https:\/\/www.source77.net\/expophoto\/wp-content\/uploads\/2016\/12\/panneau_14.jpg\" alt=\"Panneau_14\" \/>\n<\/div>\n<div style=\"float: left; width: 350px;text-align: justify;\">\n<p>&nbsp;<br \/>\n<strong>Chaque \u00eatre humain qui meurt de faim remet en question tout ce que nous entendons par le terme civilisation.<\/strong><br \/>\n&nbsp;<br \/>\nKarlheinz Bohm, acteur allemand engag\u00e9 dans l&rsquo;aide aux r\u00e9fugi\u00e9s en Ethiopie, dans son autobiographie Mein Weg<\/p>\n<\/div>\n<div style=\"clear: left;\"><\/div>\n<\/div>\n<p>&nbsp;<\/p>\n","protected":false},"excerpt":{"rendered":"<p>&nbsp; Chaque \u00eatre humain qui meurt de faim remet en question tout ce que nous entendons par le terme civilisation. &nbsp; Karlheinz Bohm, acteur allemand engag\u00e9 dans l&rsquo;aide aux r\u00e9fugi\u00e9s en Ethiopie, dans son autobiographie Mein Weg &nbsp;<\/p>\n","protected":false},"author":1,"featured_media":0,"parent":0,"menu_order":0,"comment_status":"closed","ping_status":"closed","template":"","meta":{"footnotes":""},"_links":{"self":[{"href":"https:\/\/www.source77.net\/expophoto\/wp-json\/wp\/v2\/pages\/206"}],"collection":[{"href":"https:\/\/www.source77.net\/expophoto\/wp-json\/wp\/v2\/pages"}],"about":[{"href":"https:\/\/www.source77.net\/expophoto\/wp-json\/wp\/v2\/types\/page"}],"author":[{"embeddable":true,"href":"https:\/\/www.source77.net\/expophoto\/wp-json\/wp\/v2\/users\/1"}],"replies":[{"embeddable":true,"href":"https:\/\/www.source77.net\/expophoto\/wp-json\/wp\/v2\/comments?post=206"}],"version-history":[{"count":3,"href":"https:\/\/www.source77.net\/expophoto\/wp-json\/wp\/v2\/pages\/206\/revisions"}],"predecessor-version":[{"id":1142,"href":"https:\/\/www.source77.net\/expophoto\/wp-json\/wp\/v2\/pages\/206\/revisions\/1142"}],"wp:attachment":[{"href":"https:\/\/www.source77.net\/expophoto\/wp-json\/wp\/v2\/media?parent=206"}],"curies":[{"name":"wp","href":"https:\/\/api.w.org\/{rel}","templated":true}]}}