{"id":200,"date":"2016-12-19T14:43:55","date_gmt":"2016-12-19T13:43:55","guid":{"rendered":"http:\/\/www.source77.net\/expophoto\/panneau-11-copy\/"},"modified":"2023-09-20T15:33:58","modified_gmt":"2023-09-20T13:33:58","slug":"panneau-12","status":"publish","type":"page","link":"https:\/\/www.source77.net\/expophoto\/panneau-12\/","title":{"rendered":"Panneau-12"},"content":{"rendered":"<div>\n<div style=\"float: left; width: 350px;margin-right: 60px;\">\n<img decoding=\"async\" src=\"https:\/\/www.source77.net\/expophoto\/wp-content\/uploads\/2016\/12\/panneau_12.jpg\" alt=\"Panneau_12\" \/>\n<\/div>\n<div style=\"float: left; width: 350px;text-align: justify;\">\n<p>&nbsp;<br \/>\n<strong>Il ne peut y avoir de s\u00e9curit\u00e9 dans un monde o\u00f9 l&rsquo;\u00e9quivalent d&rsquo;un continent entier risque de mourir de faim et o\u00f9 des masses sans nombre souffrent en permanence de malnutrition ; ni dans un monde o\u00f9 nombre de pays et de peuples sont \u00e9cras\u00e9s sous le poids de la dette.<\/strong><br \/>\n&nbsp;<br \/>\nMikha\u00efl Gorbatchev, pr\u00e9sident de l&rsquo;URSS<\/p>\n<\/div>\n<div style=\"clear: left;\"><\/div>\n<\/div>\n<p>&nbsp;<\/p>\n","protected":false},"excerpt":{"rendered":"<p>&nbsp; Il ne peut y avoir de s\u00e9curit\u00e9 dans un monde o\u00f9 l&rsquo;\u00e9quivalent d&rsquo;un continent entier risque de mourir de faim et o\u00f9 des masses sans nombre souffrent en permanence de malnutrition ; ni dans un monde o\u00f9 nombre de pays et de peuples sont \u00e9cras\u00e9s sous le poids de la dette. &nbsp; Mikha\u00efl Gorbatchev, [&hellip;]<\/p>\n","protected":false},"author":1,"featured_media":0,"parent":0,"menu_order":0,"comment_status":"closed","ping_status":"closed","template":"","meta":{"footnotes":""},"_links":{"self":[{"href":"https:\/\/www.source77.net\/expophoto\/wp-json\/wp\/v2\/pages\/200"}],"collection":[{"href":"https:\/\/www.source77.net\/expophoto\/wp-json\/wp\/v2\/pages"}],"about":[{"href":"https:\/\/www.source77.net\/expophoto\/wp-json\/wp\/v2\/types\/page"}],"author":[{"embeddable":true,"href":"https:\/\/www.source77.net\/expophoto\/wp-json\/wp\/v2\/users\/1"}],"replies":[{"embeddable":true,"href":"https:\/\/www.source77.net\/expophoto\/wp-json\/wp\/v2\/comments?post=200"}],"version-history":[{"count":4,"href":"https:\/\/www.source77.net\/expophoto\/wp-json\/wp\/v2\/pages\/200\/revisions"}],"predecessor-version":[{"id":1140,"href":"https:\/\/www.source77.net\/expophoto\/wp-json\/wp\/v2\/pages\/200\/revisions\/1140"}],"wp:attachment":[{"href":"https:\/\/www.source77.net\/expophoto\/wp-json\/wp\/v2\/media?parent=200"}],"curies":[{"name":"wp","href":"https:\/\/api.w.org\/{rel}","templated":true}]}}