{"id":197,"date":"2016-12-19T14:41:03","date_gmt":"2016-12-19T13:41:03","guid":{"rendered":"http:\/\/www.source77.net\/expophoto\/panneau-10-copy\/"},"modified":"2023-09-20T15:33:15","modified_gmt":"2023-09-20T13:33:15","slug":"panneau-11","status":"publish","type":"page","link":"https:\/\/www.source77.net\/expophoto\/panneau-11\/","title":{"rendered":"Panneau-11"},"content":{"rendered":"<div>\n<div style=\"float: left; width: 350px;margin-right: 60px;\">\n<img decoding=\"async\" src=\"https:\/\/www.source77.net\/expophoto\/wp-content\/uploads\/2016\/12\/panneau_11.jpg\" alt=\"Panneau_11\" \/>\n<\/div>\n<div style=\"float: left; width: 350px;text-align: justify;\">\n<p>&nbsp;<br \/>\n<strong>Supprimer de fa\u00e7on d\u00e9finitive la faim dans le monde n\u00e9cessite que les minorit\u00e9s riches et privil\u00e9gi\u00e9es abandonnent leurs modes de vie actuels, tourn\u00e9s vers l&rsquo;abondance et le gaspillage, et recentrent leurs motivations \u00e9conomiques autour des besoins prioritaires. Aucune des \u201c retomb\u00e9es \u201d de leur superflu ne pourra suffire \u00e0 nourrir les affam\u00e9s, encore moins \u00e0 leur permettre d&rsquo;acc\u00e9der \u00e0 un niveau de d\u00e9veloppement d\u00e9cent. En cette fin du XXe si\u00e8cle, l&rsquo;humanit\u00e9 ne peut tol\u00e9rer plus longtemps la mort de millions d&rsquo;enfants chaque ann\u00e9e. Notre objectif est de les sauver.<\/strong><br \/>\n&nbsp;<br \/>\nDenis Goulet<\/p>\n<\/div>\n<div style=\"clear: left;\"><\/div>\n<\/div>\n<p>&nbsp;<\/p>\n","protected":false},"excerpt":{"rendered":"<p>&nbsp; Supprimer de fa\u00e7on d\u00e9finitive la faim dans le monde n\u00e9cessite que les minorit\u00e9s riches et privil\u00e9gi\u00e9es abandonnent leurs modes de vie actuels, tourn\u00e9s vers l&rsquo;abondance et le gaspillage, et recentrent leurs motivations \u00e9conomiques autour des besoins prioritaires. Aucune des \u201c retomb\u00e9es \u201d de leur superflu ne pourra suffire \u00e0 nourrir les affam\u00e9s, encore moins [&hellip;]<\/p>\n","protected":false},"author":1,"featured_media":0,"parent":0,"menu_order":0,"comment_status":"closed","ping_status":"closed","template":"","meta":{"footnotes":""},"_links":{"self":[{"href":"https:\/\/www.source77.net\/expophoto\/wp-json\/wp\/v2\/pages\/197"}],"collection":[{"href":"https:\/\/www.source77.net\/expophoto\/wp-json\/wp\/v2\/pages"}],"about":[{"href":"https:\/\/www.source77.net\/expophoto\/wp-json\/wp\/v2\/types\/page"}],"author":[{"embeddable":true,"href":"https:\/\/www.source77.net\/expophoto\/wp-json\/wp\/v2\/users\/1"}],"replies":[{"embeddable":true,"href":"https:\/\/www.source77.net\/expophoto\/wp-json\/wp\/v2\/comments?post=197"}],"version-history":[{"count":3,"href":"https:\/\/www.source77.net\/expophoto\/wp-json\/wp\/v2\/pages\/197\/revisions"}],"predecessor-version":[{"id":1139,"href":"https:\/\/www.source77.net\/expophoto\/wp-json\/wp\/v2\/pages\/197\/revisions\/1139"}],"wp:attachment":[{"href":"https:\/\/www.source77.net\/expophoto\/wp-json\/wp\/v2\/media?parent=197"}],"curies":[{"name":"wp","href":"https:\/\/api.w.org\/{rel}","templated":true}]}}