{"id":194,"date":"2016-12-19T14:38:18","date_gmt":"2016-12-19T13:38:18","guid":{"rendered":"http:\/\/www.source77.net\/expophoto\/panneau-09-copy\/"},"modified":"2023-09-20T15:30:47","modified_gmt":"2023-09-20T13:30:47","slug":"panneau-10","status":"publish","type":"page","link":"https:\/\/www.source77.net\/expophoto\/panneau-10\/","title":{"rendered":"Panneau-10"},"content":{"rendered":"<div>\n<div style=\"float: left; width: 350px;margin-right: 60px;\">\n<img decoding=\"async\" src=\"https:\/\/www.source77.net\/expophoto\/wp-content\/uploads\/2016\/12\/panneau_10.jpg\" alt=\"Panneau_10\" \/>\n<\/div>\n<div style=\"float: left; width: 350px;text-align: justify;\">\n<p>&nbsp;<br \/>\n<strong>En cette fin du XXe si\u00e8cle, l&rsquo;humanit\u00e9 ne peut tol\u00e9rer plus longtemps la mort de millions d&rsquo;enfants chaque ann\u00e9e. Notre objectif est de les sauver.<\/strong><br \/>\n&nbsp;<br \/>\nMikha\u00efl Gorbatchev, pr\u00e9sident de l&rsquo;URSS<\/p>\n<\/div>\n<div style=\"clear: left;\"><\/div>\n<\/div>\n<p>&nbsp;<\/p>\n","protected":false},"excerpt":{"rendered":"<p>&nbsp; En cette fin du XXe si\u00e8cle, l&rsquo;humanit\u00e9 ne peut tol\u00e9rer plus longtemps la mort de millions d&rsquo;enfants chaque ann\u00e9e. Notre objectif est de les sauver. &nbsp; Mikha\u00efl Gorbatchev, pr\u00e9sident de l&rsquo;URSS &nbsp;<\/p>\n","protected":false},"author":1,"featured_media":0,"parent":0,"menu_order":0,"comment_status":"closed","ping_status":"closed","template":"","meta":{"footnotes":""},"_links":{"self":[{"href":"https:\/\/www.source77.net\/expophoto\/wp-json\/wp\/v2\/pages\/194"}],"collection":[{"href":"https:\/\/www.source77.net\/expophoto\/wp-json\/wp\/v2\/pages"}],"about":[{"href":"https:\/\/www.source77.net\/expophoto\/wp-json\/wp\/v2\/types\/page"}],"author":[{"embeddable":true,"href":"https:\/\/www.source77.net\/expophoto\/wp-json\/wp\/v2\/users\/1"}],"replies":[{"embeddable":true,"href":"https:\/\/www.source77.net\/expophoto\/wp-json\/wp\/v2\/comments?post=194"}],"version-history":[{"count":3,"href":"https:\/\/www.source77.net\/expophoto\/wp-json\/wp\/v2\/pages\/194\/revisions"}],"predecessor-version":[{"id":1138,"href":"https:\/\/www.source77.net\/expophoto\/wp-json\/wp\/v2\/pages\/194\/revisions\/1138"}],"wp:attachment":[{"href":"https:\/\/www.source77.net\/expophoto\/wp-json\/wp\/v2\/media?parent=194"}],"curies":[{"name":"wp","href":"https:\/\/api.w.org\/{rel}","templated":true}]}}