{"id":191,"date":"2016-12-19T14:34:11","date_gmt":"2016-12-19T13:34:11","guid":{"rendered":"http:\/\/www.source77.net\/expophoto\/panneau-08-copy\/"},"modified":"2023-09-20T15:29:24","modified_gmt":"2023-09-20T13:29:24","slug":"panneau-09","status":"publish","type":"page","link":"https:\/\/www.source77.net\/expophoto\/panneau-09\/","title":{"rendered":"Panneau-09"},"content":{"rendered":"<div>\n<div style=\"float: left; width: 350px;margin-right: 60px;\">\n<img decoding=\"async\" src=\"https:\/\/www.source77.net\/expophoto\/wp-content\/uploads\/2016\/12\/panneau_09.jpg\" alt=\"Panneau_09\" \/>\n<\/div>\n<div style=\"float: left; width: 350px;text-align: justify;\">\n<p>&nbsp;<br \/>\n<strong>Cette plan\u00e8te regorge de nourriture et nous pourrions facilement nourrir le monde entier. Dans notre pays, les exc\u00e9dents sont tels que nous les br\u00fblons pour maintenir les cours.<\/strong><br \/>\n<strong>Oui, il y a des \u00eatres humains qui meurent de faim, mais ce n\u2019est pas par manque de nourriture, c\u2019est par manque d\u2019amour.<\/strong><br \/>\n&nbsp;<br \/>\nLouise Hay, \u00e9crivain, Etats-Unis<\/p>\n<\/div>\n<div style=\"clear: left;\"><\/div>\n<\/div>\n<p>&nbsp;<\/p>\n","protected":false},"excerpt":{"rendered":"<p>&nbsp; Cette plan\u00e8te regorge de nourriture et nous pourrions facilement nourrir le monde entier. Dans notre pays, les exc\u00e9dents sont tels que nous les br\u00fblons pour maintenir les cours. Oui, il y a des \u00eatres humains qui meurent de faim, mais ce n\u2019est pas par manque de nourriture, c\u2019est par manque d\u2019amour. &nbsp; Louise Hay, [&hellip;]<\/p>\n","protected":false},"author":1,"featured_media":0,"parent":0,"menu_order":0,"comment_status":"closed","ping_status":"closed","template":"","meta":{"footnotes":""},"_links":{"self":[{"href":"https:\/\/www.source77.net\/expophoto\/wp-json\/wp\/v2\/pages\/191"}],"collection":[{"href":"https:\/\/www.source77.net\/expophoto\/wp-json\/wp\/v2\/pages"}],"about":[{"href":"https:\/\/www.source77.net\/expophoto\/wp-json\/wp\/v2\/types\/page"}],"author":[{"embeddable":true,"href":"https:\/\/www.source77.net\/expophoto\/wp-json\/wp\/v2\/users\/1"}],"replies":[{"embeddable":true,"href":"https:\/\/www.source77.net\/expophoto\/wp-json\/wp\/v2\/comments?post=191"}],"version-history":[{"count":4,"href":"https:\/\/www.source77.net\/expophoto\/wp-json\/wp\/v2\/pages\/191\/revisions"}],"predecessor-version":[{"id":1137,"href":"https:\/\/www.source77.net\/expophoto\/wp-json\/wp\/v2\/pages\/191\/revisions\/1137"}],"wp:attachment":[{"href":"https:\/\/www.source77.net\/expophoto\/wp-json\/wp\/v2\/media?parent=191"}],"curies":[{"name":"wp","href":"https:\/\/api.w.org\/{rel}","templated":true}]}}