{"id":187,"date":"2016-12-19T14:28:46","date_gmt":"2016-12-19T13:28:46","guid":{"rendered":"http:\/\/www.source77.net\/expophoto\/panneau-07-copy\/"},"modified":"2023-09-20T15:28:40","modified_gmt":"2023-09-20T13:28:40","slug":"panneau-08","status":"publish","type":"page","link":"https:\/\/www.source77.net\/expophoto\/panneau-08\/","title":{"rendered":"Panneau-08"},"content":{"rendered":"<div>\n<div style=\"float: left; width: 350px;margin-right: 60px;\">\n<img decoding=\"async\" src=\"https:\/\/www.source77.net\/expophoto\/wp-content\/uploads\/2016\/12\/panneau_08.jpg\" alt=\"Panneau_08\" \/>\n<\/div>\n<div style=\"float: left; width: 350px;text-align: justify;\">\n<p>&nbsp;<br \/>\n<strong>La raison fondamentale pour laquelle certaines personnes ont faim est qu&rsquo;elles sont pauvres, et n&rsquo;ont pas le pouvoir de participer aux d\u00e9cisions qui leur permettraient d&rsquo;\u00e9chapper \u00e0 la famine et d&rsquo;am\u00e9liorer leur qualit\u00e9 de vie.<\/strong><br \/>\n&nbsp;<br \/>\nTable ronde Nord\/Sud, document n\u00b0 6<\/p>\n<\/div>\n<div style=\"clear: left;\"><\/div>\n<\/div>\n<p>&nbsp;<\/p>\n","protected":false},"excerpt":{"rendered":"<p>&nbsp; La raison fondamentale pour laquelle certaines personnes ont faim est qu&rsquo;elles sont pauvres, et n&rsquo;ont pas le pouvoir de participer aux d\u00e9cisions qui leur permettraient d&rsquo;\u00e9chapper \u00e0 la famine et d&rsquo;am\u00e9liorer leur qualit\u00e9 de vie. &nbsp; Table ronde Nord\/Sud, document n\u00b0 6 &nbsp;<\/p>\n","protected":false},"author":1,"featured_media":0,"parent":0,"menu_order":0,"comment_status":"closed","ping_status":"closed","template":"","meta":{"footnotes":""},"_links":{"self":[{"href":"https:\/\/www.source77.net\/expophoto\/wp-json\/wp\/v2\/pages\/187"}],"collection":[{"href":"https:\/\/www.source77.net\/expophoto\/wp-json\/wp\/v2\/pages"}],"about":[{"href":"https:\/\/www.source77.net\/expophoto\/wp-json\/wp\/v2\/types\/page"}],"author":[{"embeddable":true,"href":"https:\/\/www.source77.net\/expophoto\/wp-json\/wp\/v2\/users\/1"}],"replies":[{"embeddable":true,"href":"https:\/\/www.source77.net\/expophoto\/wp-json\/wp\/v2\/comments?post=187"}],"version-history":[{"count":4,"href":"https:\/\/www.source77.net\/expophoto\/wp-json\/wp\/v2\/pages\/187\/revisions"}],"predecessor-version":[{"id":1136,"href":"https:\/\/www.source77.net\/expophoto\/wp-json\/wp\/v2\/pages\/187\/revisions\/1136"}],"wp:attachment":[{"href":"https:\/\/www.source77.net\/expophoto\/wp-json\/wp\/v2\/media?parent=187"}],"curies":[{"name":"wp","href":"https:\/\/api.w.org\/{rel}","templated":true}]}}