{"id":184,"date":"2016-12-19T14:25:10","date_gmt":"2016-12-19T13:25:10","guid":{"rendered":"http:\/\/www.source77.net\/expophoto\/panneau-06-copy\/"},"modified":"2023-09-20T15:26:30","modified_gmt":"2023-09-20T13:26:30","slug":"panneau-07","status":"publish","type":"page","link":"https:\/\/www.source77.net\/expophoto\/panneau-07\/","title":{"rendered":"Panneau-07"},"content":{"rendered":"<div>\n<div style=\"float: left; width: 350px;margin-right: 60px;\">\n<img decoding=\"async\" src=\"https:\/\/www.source77.net\/expophoto\/wp-content\/uploads\/2016\/12\/panneau_07.jpg\" alt=\"Panneau_07\" \/>\n<\/div>\n<div style=\"float: left; width: 350px;text-align: justify;\">\n<p>&nbsp;<br \/>\n<strong>Il ne devrait tout simplement plus y avoir de victimes de la faim. Plus leur souffrance est grande, plus grand est notre \u00e9chec moral \u00e0 assumer la responsabilit\u00e9, qui est celle de chacun d&rsquo;entre nous, de garantir le bien-\u00eatre de tout. C&rsquo;est \u00e0 cette volont\u00e9, partag\u00e9e par un peuple, d&rsquo;\u00eatre solidaire de ceux\u00a0 qui traversent une p\u00e9riode de difficult\u00e9s, que l&rsquo;on reconna\u00eet une nation civilis\u00e9e.<\/strong><br \/>\n&nbsp;<br \/>\nJ. Clayburn LaForce, pr\u00e9sident du groupe de travail de la pr\u00e9sidence am\u00e9ricaine sur l&rsquo;aide alimentaire<\/p>\n<\/div>\n<div style=\"clear: left;\"><\/div>\n<\/div>\n<p>&nbsp;<\/p>\n","protected":false},"excerpt":{"rendered":"<p>&nbsp; Il ne devrait tout simplement plus y avoir de victimes de la faim. Plus leur souffrance est grande, plus grand est notre \u00e9chec moral \u00e0 assumer la responsabilit\u00e9, qui est celle de chacun d&rsquo;entre nous, de garantir le bien-\u00eatre de tout. C&rsquo;est \u00e0 cette volont\u00e9, partag\u00e9e par un peuple, d&rsquo;\u00eatre solidaire de ceux\u00a0 qui [&hellip;]<\/p>\n","protected":false},"author":1,"featured_media":0,"parent":0,"menu_order":0,"comment_status":"closed","ping_status":"closed","template":"","meta":{"footnotes":""},"_links":{"self":[{"href":"https:\/\/www.source77.net\/expophoto\/wp-json\/wp\/v2\/pages\/184"}],"collection":[{"href":"https:\/\/www.source77.net\/expophoto\/wp-json\/wp\/v2\/pages"}],"about":[{"href":"https:\/\/www.source77.net\/expophoto\/wp-json\/wp\/v2\/types\/page"}],"author":[{"embeddable":true,"href":"https:\/\/www.source77.net\/expophoto\/wp-json\/wp\/v2\/users\/1"}],"replies":[{"embeddable":true,"href":"https:\/\/www.source77.net\/expophoto\/wp-json\/wp\/v2\/comments?post=184"}],"version-history":[{"count":5,"href":"https:\/\/www.source77.net\/expophoto\/wp-json\/wp\/v2\/pages\/184\/revisions"}],"predecessor-version":[{"id":1135,"href":"https:\/\/www.source77.net\/expophoto\/wp-json\/wp\/v2\/pages\/184\/revisions\/1135"}],"wp:attachment":[{"href":"https:\/\/www.source77.net\/expophoto\/wp-json\/wp\/v2\/media?parent=184"}],"curies":[{"name":"wp","href":"https:\/\/api.w.org\/{rel}","templated":true}]}}