{"id":180,"date":"2016-12-19T14:22:01","date_gmt":"2016-12-19T13:22:01","guid":{"rendered":"http:\/\/www.source77.net\/expophoto\/panneau-05-copy\/"},"modified":"2023-09-20T15:25:06","modified_gmt":"2023-09-20T13:25:06","slug":"panneau-06","status":"publish","type":"page","link":"https:\/\/www.source77.net\/expophoto\/panneau-06\/","title":{"rendered":"Panneau-06"},"content":{"rendered":"<div>\n<div style=\"float: left; width: 350px;margin-right: 60px;\">\n<img decoding=\"async\" src=\"https:\/\/www.source77.net\/expophoto\/wp-content\/uploads\/2016\/12\/panneau_06.jpg\" alt=\"Panneau_06\" \/>\n<\/div>\n<div style=\"float: left; width: 350px;text-align: justify;\">\n<p>&nbsp;<br \/>\n<strong>Qu&rsquo;il s&rsquo;agisse des droits de l&rsquo;Homme ou des principaux besoins humains, l&rsquo;alimentation est le plus fondamental de tous. A moins que ce besoin-l\u00e0 ne soit satisfait en priorit\u00e9, le respect des autres droits perd tout son sens.<\/strong><br \/>\n&nbsp;<br \/>\nLa Commission pr\u00e9sidentielle am\u00e9ricaine sur la faim dans le monde<\/p>\n<\/div>\n<div style=\"clear: left;\"><\/div>\n<\/div>\n<p>&nbsp;<\/p>\n","protected":false},"excerpt":{"rendered":"<p>&nbsp; Qu&rsquo;il s&rsquo;agisse des droits de l&rsquo;Homme ou des principaux besoins humains, l&rsquo;alimentation est le plus fondamental de tous. A moins que ce besoin-l\u00e0 ne soit satisfait en priorit\u00e9, le respect des autres droits perd tout son sens. &nbsp; La Commission pr\u00e9sidentielle am\u00e9ricaine sur la faim dans le monde &nbsp;<\/p>\n","protected":false},"author":1,"featured_media":0,"parent":0,"menu_order":0,"comment_status":"closed","ping_status":"closed","template":"","meta":{"footnotes":""},"_links":{"self":[{"href":"https:\/\/www.source77.net\/expophoto\/wp-json\/wp\/v2\/pages\/180"}],"collection":[{"href":"https:\/\/www.source77.net\/expophoto\/wp-json\/wp\/v2\/pages"}],"about":[{"href":"https:\/\/www.source77.net\/expophoto\/wp-json\/wp\/v2\/types\/page"}],"author":[{"embeddable":true,"href":"https:\/\/www.source77.net\/expophoto\/wp-json\/wp\/v2\/users\/1"}],"replies":[{"embeddable":true,"href":"https:\/\/www.source77.net\/expophoto\/wp-json\/wp\/v2\/comments?post=180"}],"version-history":[{"count":3,"href":"https:\/\/www.source77.net\/expophoto\/wp-json\/wp\/v2\/pages\/180\/revisions"}],"predecessor-version":[{"id":1134,"href":"https:\/\/www.source77.net\/expophoto\/wp-json\/wp\/v2\/pages\/180\/revisions\/1134"}],"wp:attachment":[{"href":"https:\/\/www.source77.net\/expophoto\/wp-json\/wp\/v2\/media?parent=180"}],"curies":[{"name":"wp","href":"https:\/\/api.w.org\/{rel}","templated":true}]}}