{"id":177,"date":"2016-12-19T14:19:03","date_gmt":"2016-12-19T13:19:03","guid":{"rendered":"http:\/\/www.source77.net\/expophoto\/panneau-04-copy\/"},"modified":"2023-09-20T15:23:29","modified_gmt":"2023-09-20T13:23:29","slug":"panneau-05","status":"publish","type":"page","link":"https:\/\/www.source77.net\/expophoto\/panneau-05\/","title":{"rendered":"Panneau-05"},"content":{"rendered":"<div>\n<div style=\"float: left; width: 350px;margin-right: 60px;\">\n<img decoding=\"async\" src=\"https:\/\/www.source77.net\/expophoto\/wp-content\/uploads\/2016\/12\/panneau_05.jpg\" alt=\"Panneau_05\" \/>\n<\/div>\n<div style=\"float: left; width: 350px;text-align: justify;\">\n<p>&nbsp;<br \/>\n<strong>S&rsquo;il existe un th\u00e8me central commun \u00e0 toutes les religions du monde, c&rsquo;est bien celui de consid\u00e9rer comme primordial de nourrir ceux qui ont faim, de porter secours \u00e0 ceux qui sont dans le besoin, et de nous aimer les uns les autres. Il n&rsquo;y a pas d&rsquo;obligation morale plus imp\u00e9rieuse pour nous tous, et c&rsquo;est ce que devrait nous rappeler le probl\u00e8me de la faim dans le monde.<\/strong><br \/>\n&nbsp;<br \/>\nSteny H. Hoyer, d\u00e9put\u00e9 am\u00e9ricain<\/p>\n<\/div>\n<div style=\"clear: left;\"><\/div>\n<\/div>\n<p>&nbsp;<\/p>\n","protected":false},"excerpt":{"rendered":"<p>&nbsp; S&rsquo;il existe un th\u00e8me central commun \u00e0 toutes les religions du monde, c&rsquo;est bien celui de consid\u00e9rer comme primordial de nourrir ceux qui ont faim, de porter secours \u00e0 ceux qui sont dans le besoin, et de nous aimer les uns les autres. Il n&rsquo;y a pas d&rsquo;obligation morale plus imp\u00e9rieuse pour nous tous, [&hellip;]<\/p>\n","protected":false},"author":1,"featured_media":0,"parent":0,"menu_order":0,"comment_status":"closed","ping_status":"closed","template":"","meta":{"footnotes":""},"_links":{"self":[{"href":"https:\/\/www.source77.net\/expophoto\/wp-json\/wp\/v2\/pages\/177"}],"collection":[{"href":"https:\/\/www.source77.net\/expophoto\/wp-json\/wp\/v2\/pages"}],"about":[{"href":"https:\/\/www.source77.net\/expophoto\/wp-json\/wp\/v2\/types\/page"}],"author":[{"embeddable":true,"href":"https:\/\/www.source77.net\/expophoto\/wp-json\/wp\/v2\/users\/1"}],"replies":[{"embeddable":true,"href":"https:\/\/www.source77.net\/expophoto\/wp-json\/wp\/v2\/comments?post=177"}],"version-history":[{"count":4,"href":"https:\/\/www.source77.net\/expophoto\/wp-json\/wp\/v2\/pages\/177\/revisions"}],"predecessor-version":[{"id":1133,"href":"https:\/\/www.source77.net\/expophoto\/wp-json\/wp\/v2\/pages\/177\/revisions\/1133"}],"wp:attachment":[{"href":"https:\/\/www.source77.net\/expophoto\/wp-json\/wp\/v2\/media?parent=177"}],"curies":[{"name":"wp","href":"https:\/\/api.w.org\/{rel}","templated":true}]}}