{"id":174,"date":"2016-12-19T14:16:03","date_gmt":"2016-12-19T13:16:03","guid":{"rendered":"http:\/\/www.source77.net\/expophoto\/panneau-03-copy\/"},"modified":"2023-09-20T15:21:00","modified_gmt":"2023-09-20T13:21:00","slug":"panneau-04","status":"publish","type":"page","link":"https:\/\/www.source77.net\/expophoto\/panneau-04\/","title":{"rendered":"Panneau-04"},"content":{"rendered":"<div>\n<div style=\"float: left; width: 350px;margin-right: 60px;\">\n<img decoding=\"async\" src=\"https:\/\/www.source77.net\/expophoto\/wp-content\/uploads\/2016\/12\/panneau_04.jpg\" alt=\"Panneau_04\" \/>\n<\/div>\n<div style=\"float: left; width: 350px;text-align: justify;\">\n<p>&nbsp;<br \/>\n<strong>Le fl\u00e9au de la faim frappe partout, sur cette plan\u00e8te. Cinq cents millions d&rsquo;hommes se couchent chaque soir le ventre nou\u00e9 \u00e0 force d&rsquo;\u00eatre vide. Ce n&rsquo;est pas de fusils et de balles, de tanks et d&rsquo;avions de chasse, qu&rsquo;ils ont besoin. Mais de quelque chose \u00e0 manger. De m\u00e9dicaments et de nourriture.<\/strong><br \/>\n&nbsp;<br \/>\nByron Dorgan, d\u00e9put\u00e9 am\u00e9ricain<\/p>\n<\/div>\n<div style=\"clear: left;\"><\/div>\n<\/div>\n<p>&nbsp;<\/p>\n","protected":false},"excerpt":{"rendered":"<p>&nbsp; Le fl\u00e9au de la faim frappe partout, sur cette plan\u00e8te. Cinq cents millions d&rsquo;hommes se couchent chaque soir le ventre nou\u00e9 \u00e0 force d&rsquo;\u00eatre vide. Ce n&rsquo;est pas de fusils et de balles, de tanks et d&rsquo;avions de chasse, qu&rsquo;ils ont besoin. Mais de quelque chose \u00e0 manger. De m\u00e9dicaments et de nourriture. &nbsp; [&hellip;]<\/p>\n","protected":false},"author":1,"featured_media":0,"parent":0,"menu_order":0,"comment_status":"closed","ping_status":"closed","template":"","meta":{"footnotes":""},"_links":{"self":[{"href":"https:\/\/www.source77.net\/expophoto\/wp-json\/wp\/v2\/pages\/174"}],"collection":[{"href":"https:\/\/www.source77.net\/expophoto\/wp-json\/wp\/v2\/pages"}],"about":[{"href":"https:\/\/www.source77.net\/expophoto\/wp-json\/wp\/v2\/types\/page"}],"author":[{"embeddable":true,"href":"https:\/\/www.source77.net\/expophoto\/wp-json\/wp\/v2\/users\/1"}],"replies":[{"embeddable":true,"href":"https:\/\/www.source77.net\/expophoto\/wp-json\/wp\/v2\/comments?post=174"}],"version-history":[{"count":3,"href":"https:\/\/www.source77.net\/expophoto\/wp-json\/wp\/v2\/pages\/174\/revisions"}],"predecessor-version":[{"id":1132,"href":"https:\/\/www.source77.net\/expophoto\/wp-json\/wp\/v2\/pages\/174\/revisions\/1132"}],"wp:attachment":[{"href":"https:\/\/www.source77.net\/expophoto\/wp-json\/wp\/v2\/media?parent=174"}],"curies":[{"name":"wp","href":"https:\/\/api.w.org\/{rel}","templated":true}]}}