{"id":166,"date":"2016-12-19T14:02:12","date_gmt":"2016-12-19T13:02:12","guid":{"rendered":"http:\/\/www.source77.net\/expophoto\/panneau-01-copy\/"},"modified":"2023-09-20T15:15:12","modified_gmt":"2023-09-20T13:15:12","slug":"panneau-02","status":"publish","type":"page","link":"https:\/\/www.source77.net\/expophoto\/panneau-02\/","title":{"rendered":"Panneau-02"},"content":{"rendered":"<div>\n<div style=\"float: left; width: 350px;margin-right: 60px;\">\n<img decoding=\"async\" src=\"https:\/\/www.source77.net\/expophoto\/wp-content\/uploads\/2016\/12\/panneau_02.jpg\" alt=\"Panneau_02\" \/>\n<\/div>\n<div style=\"float: left; width: 350px;text-align: justify;\">\n<p>&nbsp;<br \/>\n<strong>Cherchez-moi dans les lieux sombres o\u00f9 la faim et les conflits abondent. Connaissez-moi comme le fr\u00e8re des pauvres, des exclus de la Terre. Voyez-moi ainsi, mes amis, mes fr\u00e8res, et voyez le Seigneur de l&rsquo;Amour.<\/strong><br \/>\n&nbsp;<br \/>\nMaitreya, Message n\u00b0 128, septembre 1981<\/p>\n<\/div>\n<div style=\"clear: left;\"><\/div>\n<\/div>\n<p>&nbsp;<\/p>\n","protected":false},"excerpt":{"rendered":"<p>&nbsp; Cherchez-moi dans les lieux sombres o\u00f9 la faim et les conflits abondent. Connaissez-moi comme le fr\u00e8re des pauvres, des exclus de la Terre. Voyez-moi ainsi, mes amis, mes fr\u00e8res, et voyez le Seigneur de l&rsquo;Amour. &nbsp; Maitreya, Message n\u00b0 128, septembre 1981 &nbsp;<\/p>\n","protected":false},"author":1,"featured_media":0,"parent":0,"menu_order":0,"comment_status":"closed","ping_status":"closed","template":"","meta":{"footnotes":""},"_links":{"self":[{"href":"https:\/\/www.source77.net\/expophoto\/wp-json\/wp\/v2\/pages\/166"}],"collection":[{"href":"https:\/\/www.source77.net\/expophoto\/wp-json\/wp\/v2\/pages"}],"about":[{"href":"https:\/\/www.source77.net\/expophoto\/wp-json\/wp\/v2\/types\/page"}],"author":[{"embeddable":true,"href":"https:\/\/www.source77.net\/expophoto\/wp-json\/wp\/v2\/users\/1"}],"replies":[{"embeddable":true,"href":"https:\/\/www.source77.net\/expophoto\/wp-json\/wp\/v2\/comments?post=166"}],"version-history":[{"count":4,"href":"https:\/\/www.source77.net\/expophoto\/wp-json\/wp\/v2\/pages\/166\/revisions"}],"predecessor-version":[{"id":1130,"href":"https:\/\/www.source77.net\/expophoto\/wp-json\/wp\/v2\/pages\/166\/revisions\/1130"}],"wp:attachment":[{"href":"https:\/\/www.source77.net\/expophoto\/wp-json\/wp\/v2\/media?parent=166"}],"curies":[{"name":"wp","href":"https:\/\/api.w.org\/{rel}","templated":true}]}}