{"id":118,"date":"2016-12-15T16:05:26","date_gmt":"2016-12-15T15:05:26","guid":{"rendered":"http:\/\/www.source77.net\/expophoto\/?page_id=118"},"modified":"2023-09-20T15:08:05","modified_gmt":"2023-09-20T13:08:05","slug":"panneau-01","status":"publish","type":"page","link":"https:\/\/www.source77.net\/expophoto\/panneau-01\/","title":{"rendered":"Panneau-01"},"content":{"rendered":"<div>\n<div style=\"float: left; width: 350px;margin-right: 60px;\">\n<img decoding=\"async\" src=\"https:\/\/www.source77.net\/expophoto\/wp-content\/uploads\/2016\/12\/panneau_01.jpg\" alt=\"Panneau_01\" \/>\n<\/div>\n<div style=\"float: left; width: 350px;text-align: justify;\">\n<p>&nbsp;<br \/>\n<strong>Entass\u00e9es dans les camps, des nations enti\u00e8res d\u00e9p\u00e9rissent, min\u00e9es par le d\u00e9sespoir et la maladie. Ces rencontres tournaient autour d\u2019un sujet unique, rien de moins que l\u2019Holocauste africain. On parlait de la mort et de la faim, de l\u2019humiliation et des blessures subies par des millions de personnes, qui n\u2019en avaient vraiment pas besoin. Les statistiques ne faisaient que mesurer notre indiff\u00e9rence les uns pour les autres ; que nous montrer le prix que nous tous avons \u00e0 payer pour ce carnage. Ce que je voyais \u00e9tait une humanit\u00e9 d\u00e9nud\u00e9e, d\u00e9grad\u00e9e et honteuse de sa barbarie.<\/strong><br \/>\n&nbsp;<br \/>\nBob Geldof, dans With Geldof in Africa (Avec Bob Geldof en Afrique), de David Blundy et Paul Vallely, Times Books, 1985<\/p>\n<\/div>\n<div style=\"clear: left;\"><\/div>\n<\/div>\n<p>&nbsp;<\/p>\n","protected":false},"excerpt":{"rendered":"<p>&nbsp; Entass\u00e9es dans les camps, des nations enti\u00e8res d\u00e9p\u00e9rissent, min\u00e9es par le d\u00e9sespoir et la maladie. Ces rencontres tournaient autour d\u2019un sujet unique, rien de moins que l\u2019Holocauste africain. On parlait de la mort et de la faim, de l\u2019humiliation et des blessures subies par des millions de personnes, qui n\u2019en avaient vraiment pas besoin. [&hellip;]<\/p>\n","protected":false},"author":1,"featured_media":0,"parent":0,"menu_order":0,"comment_status":"closed","ping_status":"closed","template":"","meta":{"footnotes":""},"_links":{"self":[{"href":"https:\/\/www.source77.net\/expophoto\/wp-json\/wp\/v2\/pages\/118"}],"collection":[{"href":"https:\/\/www.source77.net\/expophoto\/wp-json\/wp\/v2\/pages"}],"about":[{"href":"https:\/\/www.source77.net\/expophoto\/wp-json\/wp\/v2\/types\/page"}],"author":[{"embeddable":true,"href":"https:\/\/www.source77.net\/expophoto\/wp-json\/wp\/v2\/users\/1"}],"replies":[{"embeddable":true,"href":"https:\/\/www.source77.net\/expophoto\/wp-json\/wp\/v2\/comments?post=118"}],"version-history":[{"count":5,"href":"https:\/\/www.source77.net\/expophoto\/wp-json\/wp\/v2\/pages\/118\/revisions"}],"predecessor-version":[{"id":1129,"href":"https:\/\/www.source77.net\/expophoto\/wp-json\/wp\/v2\/pages\/118\/revisions\/1129"}],"wp:attachment":[{"href":"https:\/\/www.source77.net\/expophoto\/wp-json\/wp\/v2\/media?parent=118"}],"curies":[{"name":"wp","href":"https:\/\/api.w.org\/{rel}","templated":true}]}}