{"id":105,"date":"2016-12-15T15:20:43","date_gmt":"2016-12-15T14:20:43","guid":{"rendered":"http:\/\/www.source77.net\/expophoto\/?page_id=105"},"modified":"2024-12-22T20:16:03","modified_gmt":"2024-12-22T19:16:03","slug":"contact","status":"publish","type":"page","link":"https:\/\/www.source77.net\/expophoto\/contact\/","title":{"rendered":"Contact"},"content":{"rendered":"<div  class=\"marges-pages\">\n<h1 style=\"text-align: center;font-size: 25px\"><strong>Nous contacter<\/strong><\/h1>\n<p style=\"text-align: center\">L&rsquo; exposition est compos\u00e9e de 46 photos au format A2 (42 x 60 centim\u00e8tres).<\/p>\n<p style=\"text-align: center\">Pour conna\u00eetre les modalit\u00e9s de pr\u00eat,\u00a0vous pouvez nous contacter en remplissant et en nous envoyant le formulaire ci-dessous.<\/p>\n<p><style type=\"text\/css\" id=\"cspFormShell_11_465766_style\">#cspFormShell_11_465766 {\t}#cspFormShell_11_465766 label {\twidth: 100%;}\/*Fields shell basic*\/#cspFormShell_11_465766 .cfsFieldShell input:not([type=\"checkbox\"]):not([type=\"radio\"]),#cspFormShell_11_465766 .cfsFieldShell textarea,#cspFormShell_11_465766 .cfsFieldShell .cfsListSelect, #cspFormShell_11_465766 .cfsFieldShell .cfsCheck,#cspFormShell_11_465766 .cfsFieldShell button{    padding: 10px;    width: 100%;    font-size: 18px;    line-height: normal;  \t  \tborder: 1px solid rgba(51,51,51,0.1);    color: rgba(51,51,51,0.7);  \tbackground-color: #f7f7f7;  \t    hyphens: none;    border-radius: 0;    margin: 0;    max-width: 100%;    vertical-align: baseline;  \tdisplay: block;  \theight: auto;}#cspFormShell_11_465766 .cfsFieldShell input[type=\"submit\"]:not([type=\"checkbox\"]):not([type=\"radio\"]), #cspFormShell_11_465766 .cfsFieldShell input[type=\"reset\"]:not([type=\"checkbox\"]):not([type=\"radio\"]), #cspFormShell_11_465766 .cfsFieldShell input[type=\"button\"],#cspFormShell_11_465766 .cfsFieldShell button {\tcursor: pointer;  \tfont-weight: 700;    border: 0 none;    color: #fff;    text-transform: uppercase;  \t-webkit-appearance: none;}#cspFormShell_11_465766 .cfsFieldShell input[type=\"submit\"]:not([type=\"checkbox\"]):not([type=\"radio\"]), #cspFormShell_11_465766 .cfsFieldShell input[type=\"button\"],#cspFormShell_11_465766 .cfsFieldShell button {\t  \tbackground-color: #333333;  \tbackground-image: none;  \t}#cspFormShell_11_465766 .cfsFieldShell input[type=\"submit\"]:not([type=\"checkbox\"]):not([type=\"radio\"]):hover, #cspFormShell_11_465766 .cfsFieldShell input[type=\"button\"]:hover,#cspFormShell_11_465766 .cfsFieldShell button:hover {  \t  \tbackground-color: rgba(51,51,51,0.7);  \t}#cspFormShell_11_465766 .cfsFieldShell input[type=\"reset\"]:not([type=\"checkbox\"]):not([type=\"radio\"]) {\t  \tbackground-color: #333333;  \tbackground-image: none;  \t}#cspFormShell_11_465766 .cfsFieldShell input[type=\"reset\"]:not([type=\"checkbox\"]):not([type=\"radio\"]):hover {\t  \tbackground-color: rgba(51,51,51,0.7);  \t}\/* Placeholder text color -- selectors need to be separate to work. *\/#cspFormShell_11_465766 ::-webkit-input-placeholder {\tcolor: rgba(51, 51, 51, 0.7);}#cspFormShell_11_465766 :-moz-placeholder {\tcolor: rgba(51, 51, 51, 0.7);}#cspFormShell_11_465766 ::-moz-placeholder {\tcolor: rgba(51, 51, 51, 0.7);\topacity: 1; \/* Since FF19 lowers the opacity of the placeholder by default *\/}#cspFormShell_11_465766 :-ms-input-placeholder {\tcolor: rgba(51, 51, 51, 0.7);}#cspFormShell_11_465766 { width: 100%}#cspFormShell_11_465766 .cfsSuccessMsg { color: #4ae8ea !important}<\/style><div id=\"cspFormShell_11_465766\" class=\"cfsFormShell\"><form class=\"csfForm\" method=\"post\" action=\"https:\/\/www.source77.net\/expophoto\/\"><div class=\"supRow cfsFieldsRow\"><div class=\"supSm6 cfsFieldCol\" data-name=\"Prenom\" data-type=\"text\"><div class=\"cfsFieldShell cfsField_text\" ><input type=\"text\" name=\"fields[Prenom]\" value=\"\" data-name=\"Prenom\" required  placeholder=\"Pr\u00e9nom\" \/><\/div><\/div><div class=\"supSm6 cfsFieldCol\" data-name=\"NOM\" data-type=\"text\"><div class=\"cfsFieldShell cfsField_text\" ><input type=\"text\" name=\"fields[NOM]\" value=\"\" data-name=\"NOM\" required  placeholder=\"NOM\" \/><\/div><\/div><\/div><div class=\"supRow cfsFieldsRow\"><div class=\"supSm12 cfsFieldCol\" data-name=\"email\" data-type=\"email\"><div class=\"cfsFieldShell cfsField_email\" ><input type=\"email\" name=\"fields[email]\" value=\"\" data-name=\"email\" required  placeholder=\"Email\" \/><\/div><\/div><\/div><div class=\"supRow cfsFieldsRow\"><div class=\"supSm12 cfsFieldCol\" data-name=\"Objet\" data-type=\"text\"><div class=\"cfsFieldShell cfsField_text\" ><input type=\"text\" name=\"fields[Objet]\" value=\"\" data-name=\"Objet\" required  placeholder=\"Objet du message\" \/><\/div><\/div><\/div><div class=\"supRow cfsFieldsRow\"><div class=\"supSm12 cfsFieldCol\" data-name=\"message\" data-type=\"textarea\"><div class=\"cfsFieldShell cfsField_textarea\" ><textarea name=\"fields[message]\" data-name=\"message\" required  placeholder=\"Message\" supRows=\"3\" cols=\"50\"><\/textarea><\/div><\/div><\/div><div class=\"supRow cfsFieldsRow\"><div class=\"supSm6 cfsFieldCol\" data-name=\"ENVOI\" data-type=\"submit\"><div class=\"cfsFieldShell cfsField_submit\" ><input type=\"submit\" name=\"fields[ENVOI]\" value=\"Envoyer\" data-name=\"ENVOI\" \/><\/div><\/div><div class=\"supSm6 cfsFieldCol\" data-name=\"Reset\" data-type=\"reset\"><div class=\"cfsFieldShell cfsField_reset\" ><input type=\"reset\" name=\"fields[Reset]\" value=\"Reset\" data-name=\"Reset\" \/><\/div><\/div><\/div><input type=\"hidden\" name=\"mod\" value=\"forms\"  \/><input type=\"hidden\" name=\"action\" value=\"contact\"  \/><input type=\"hidden\" name=\"id\" value=\"11\"  \/><input type=\"hidden\" name=\"_wpnonce\" value=\"ca9401ffa7\"  \/><div class=\"cfsContactMsg\"><\/div><\/form><\/div><span style=\"display: none !important;\" class=\"cfsFormDesc\">eyJpZCI6IjExIiwibGFiZWwiOiJDb250YWN0IiwiYWN0aXZlIjoiMSIsIm9yaWdpbmFsX2lkIjoiMSIsInVuaXF1ZV9pZCI6IndlZmoyIiwicGFyYW1zIjp7ImVuYWJsZUZvck1lbWJlcnNoaXAiOiIwIiwidHBsIjp7IndpZHRoIjoiMTAwIiwid2lkdGhfbWVhc3VyZSI6IiUiLCJiZ190eXBlXzAiOiJub25lIiwiYmdfaW1nXzAiOiIiLCJiZ19jb2xvcl8wIjoiIzgxZDc0MiIsImJnX3R5cGVfMSI6ImNvbG9yIiwiYmdfaW1nXzEiOiIiLCJiZ19jb2xvcl8xIjoiIzMzMzMzMyIsImJnX3R5cGVfMiI6ImNvbG9yIiwiYmdfaW1nXzIiOiIiLCJiZ19jb2xvcl8yIjoiIzMzMzMzMyIsImJnX3R5cGVfMyI6ImNvbG9yIiwiYmdfaW1nXzMiOiIiLCJiZ19jb2xvcl8zIjoiIzMzMzMzMyIsImZpZWxkX2Vycm9yX2ludmFsaWQiOiIiLCJmb3JtX3NlbnRfbXNnIjoiTWVyY2kgcG91ciBub3VzIGF2b2lyIGNvbnRhY3RcdTAwZTkgISIsImZvcm1fc2VudF9tc2dfY29sb3IiOiIjNGFlOGVhIiwiaGlkZV9vbl9zdWJtaXQiOiIxIiwicmVkaXJlY3Rfb25fc3VibWl0IjoiIiwidGVzdF9lbWFpbCI6ImxhbmdsYWRlLnBhdHJpY2tAZ21haWwuY29tIiwic2F2ZV9jb250YWN0cyI6IjEiLCJleHBfZGVsaW0iOiI7IiwiZmJfY29udmVydF9iYXNlIjoiIiwiZmllbGRfd3JhcHBlciI6IjxkaXYgZmllbGRfc2hlbGxfY2xhc3NlcyBmaWVsZF9zaGVsbF9zdHlsZXM+W2ZpZWxkXTxcL2Rpdj4ifSwiZmllbGRzIjpbeyJic19jbGFzc19pZCI6IjYiLCJuYW1lIjoiUHJlbm9tIiwibGFiZWwiOiIiLCJwbGFjZWhvbGRlciI6IlByXHUwMGU5bm9tIiwidmFsdWUiOiIiLCJ2YWx1ZV9wcmVzZXQiOiIiLCJodG1sIjoidGV4dCIsIm1hbmRhdG9yeSI6IjEiLCJtaW5fc2l6ZSI6IiIsIm1heF9zaXplIjoiIiwiYWRkX2NsYXNzZXMiOiIiLCJhZGRfc3R5bGVzIjoiIiwiYWRkX2F0dHIiOiIiLCJ2bl9vbmx5X251bWJlciI6IjAiLCJ2bl9vbmx5X2xldHRlcnMiOiIwIiwidm5fcGF0dGVybiI6IjAiLCJ2bl9lcXVhbCI6IiIsImljb25fY2xhc3MiOiIiLCJpY29uX3NpemUiOiIiLCJpY29uX2NvbG9yIjoiIiwidGVybXMiOiIifSx7ImJzX2NsYXNzX2lkIjoiNiIsIm5hbWUiOiJOT00iLCJsYWJlbCI6IiIsInBsYWNlaG9sZGVyIjoiTk9NIiwidmFsdWUiOiIiLCJ2YWx1ZV9wcmVzZXQiOiIiLCJodG1sIjoidGV4dCIsIm1hbmRhdG9yeSI6IjEiLCJtaW5fc2l6ZSI6IiIsIm1heF9zaXplIjoiIiwiYWRkX2NsYXNzZXMiOiIiLCJhZGRfc3R5bGVzIjoiIiwiYWRkX2F0dHIiOiIiLCJ2bl9vbmx5X251bWJlciI6IjAiLCJ2bl9vbmx5X2xldHRlcnMiOiIwIiwidm5fcGF0dGVybiI6IjAiLCJ2bl9lcXVhbCI6IiIsImljb25fY2xhc3MiOiIiLCJpY29uX3NpemUiOiIiLCJpY29uX2NvbG9yIjoiIiwidGVybXMiOiIifSx7ImJzX2NsYXNzX2lkIjoiMTIiLCJuYW1lIjoiZW1haWwiLCJsYWJlbCI6IiIsInBsYWNlaG9sZGVyIjoiRW1haWwiLCJ2YWx1ZSI6IiIsImh0bWwiOiJlbWFpbCIsIm1hbmRhdG9yeSI6IjEiLCJtaW5fc2l6ZSI6IiIsIm1heF9zaXplIjoiIiwiYWRkX2NsYXNzZXMiOiIiLCJhZGRfc3R5bGVzIjoiIiwiYWRkX2F0dHIiOiIiLCJ2bl9vbmx5X251bWJlciI6IjAiLCJ2bl9vbmx5X2xldHRlcnMiOiIwIiwidm5fcGF0dGVybiI6IjAifSx7ImJzX2NsYXNzX2lkIjoiMTIiLCJuYW1lIjoiT2JqZXQiLCJsYWJlbCI6IiIsInBsYWNlaG9sZGVyIjoiT2JqZXQgZHUgbWVzc2FnZSIsInZhbHVlIjoiIiwidmFsdWVfcHJlc2V0IjoiIiwiaHRtbCI6InRleHQiLCJtYW5kYXRvcnkiOiIxIiwibWluX3NpemUiOiIiLCJtYXhfc2l6ZSI6IiIsImFkZF9jbGFzc2VzIjoiIiwiYWRkX3N0eWxlcyI6IiIsImFkZF9hdHRyIjoiIiwidm5fb25seV9udW1iZXIiOiIwIiwidm5fb25seV9sZXR0ZXJzIjoiMCIsInZuX3BhdHRlcm4iOiIwIiwidm5fZXF1YWwiOiIiLCJpY29uX2NsYXNzIjoiIiwiaWNvbl9zaXplIjoiIiwiaWNvbl9jb2xvciI6IiIsInRlcm1zIjoiIn0seyJic19jbGFzc19pZCI6IjEyIiwibmFtZSI6Im1lc3NhZ2UiLCJsYWJlbCI6IiIsInBsYWNlaG9sZGVyIjoiTWVzc2FnZSIsInZhbHVlIjoiIiwiaHRtbCI6InRleHRhcmVhIiwibWFuZGF0b3J5IjoiMSIsIm1pbl9zaXplIjoiIiwibWF4X3NpemUiOiIiLCJhZGRfY2xhc3NlcyI6IiIsImFkZF9zdHlsZXMiOiIiLCJhZGRfYXR0ciI6IiIsInZuX29ubHlfbnVtYmVyIjoiMCIsInZuX29ubHlfbGV0dGVycyI6IjAiLCJ2bl9wYXR0ZXJuIjoiMCJ9LHsiYnNfY2xhc3NfaWQiOiI2IiwibmFtZSI6IkVOVk9JIiwibGFiZWwiOiJFbnZveWVyIiwiaHRtbCI6InN1Ym1pdCIsImFkZF9jbGFzc2VzIjoiIiwiYWRkX3N0eWxlcyI6IiIsImFkZF9hdHRyIjoiIiwiaWNvbl9jbGFzcyI6IiIsImljb25fc2l6ZSI6IiIsImljb25fY29sb3IiOiIiLCJ0ZXJtcyI6IiJ9LHsiYnNfY2xhc3NfaWQiOiI2IiwibmFtZSI6IlJlc2V0IiwibGFiZWwiOiJSZXNldCIsImh0bWwiOiJyZXNldCIsImFkZF9jbGFzc2VzIjoiIiwiYWRkX3N0eWxlcyI6IiIsImFkZF9hdHRyIjoiIiwidGVybXMiOiIifV0sIm9wdHNfYXR0cnMiOnsiYmdfbnVtYmVyIjoiNCJ9fSwiaW1nX3ByZXZpZXciOiJiYXNlLWNvbnRhY3QuanBnIiwidmlld3MiOiIxNyIsInVuaXF1ZV92aWV3cyI6IjE1IiwiYWN0aW9ucyI6IjEiLCJzb3J0X29yZGVyIjoiMSIsImlzX3BybyI6IjAiLCJhYl9pZCI6IjAiLCJkYXRlX2NyZWF0ZWQiOiIyMDE2LTA1LTAzIDE1OjAxOjAzIiwiaW1nX3ByZXZpZXdfdXJsIjoiaHR0cHM6XC9cL3d3dy5zb3VyY2U3Ny5uZXRcL2V4cG9waG90b1wvd3AtY29udGVudFwvcGx1Z2luc1wvY29udGFjdC1mb3JtLWJ5LXN1cHN5c3RpY1wvYXNzZXRzXC9mb3Jtc1wvaW1nXC9wcmV2aWV3XC9iYXNlLWNvbnRhY3QuanBnIiwidmlld19pZCI6IjExXzQ2NTc2NiIsInZpZXdfaHRtbF9pZCI6ImNzcEZvcm1TaGVsbF8xMV80NjU3NjYiLCJjb25uZWN0X2hhc2giOiJkOWI5YjU5ZTg5ODZjNjBmY2Q4YWMwODhjZGRmNzcyZiJ9<\/span><br \/>\n<!-- [contact-form-7 id=\"131\" title=\"Contact Foem Expo\"] -->\n<\/div>\n","protected":false},"excerpt":{"rendered":"<p>Nous contacter L&rsquo; exposition est compos\u00e9e de 46 photos au format A2 (42 x 60 centim\u00e8tres). Pour conna\u00eetre les modalit\u00e9s de pr\u00eat,\u00a0vous pouvez nous contacter en remplissant et en nous envoyant le formulaire ci-dessous.<\/p>\n","protected":false},"author":1,"featured_media":0,"parent":0,"menu_order":0,"comment_status":"closed","ping_status":"closed","template":"","meta":{"footnotes":""},"_links":{"self":[{"href":"https:\/\/www.source77.net\/expophoto\/wp-json\/wp\/v2\/pages\/105"}],"collection":[{"href":"https:\/\/www.source77.net\/expophoto\/wp-json\/wp\/v2\/pages"}],"about":[{"href":"https:\/\/www.source77.net\/expophoto\/wp-json\/wp\/v2\/types\/page"}],"author":[{"embeddable":true,"href":"https:\/\/www.source77.net\/expophoto\/wp-json\/wp\/v2\/users\/1"}],"replies":[{"embeddable":true,"href":"https:\/\/www.source77.net\/expophoto\/wp-json\/wp\/v2\/comments?post=105"}],"version-history":[{"count":22,"href":"https:\/\/www.source77.net\/expophoto\/wp-json\/wp\/v2\/pages\/105\/revisions"}],"predecessor-version":[{"id":1383,"href":"https:\/\/www.source77.net\/expophoto\/wp-json\/wp\/v2\/pages\/105\/revisions\/1383"}],"wp:attachment":[{"href":"https:\/\/www.source77.net\/expophoto\/wp-json\/wp\/v2\/media?parent=105"}],"curies":[{"name":"wp","href":"https:\/\/api.w.org\/{rel}","templated":true}]}}